
{"id":350,"date":"2023-01-19T17:29:12","date_gmt":"2023-01-19T17:29:12","guid":{"rendered":"https:\/\/sites.edgehill.ac.uk\/lxgr\/?page_id=350"},"modified":"2026-03-29T11:55:20","modified_gmt":"2026-03-29T10:55:20","slug":"committee","status":"publish","type":"page","link":"https:\/\/sites.edgehill.ac.uk\/lxgr\/committee\/","title":{"rendered":"LxGr2026 Programme Committee"},"content":{"rendered":"<p><a href=\"https:\/\/bogdanbabych.github.io\"><strong>Bogdan Babych<\/strong><\/a> (Heidelberg University, Germany)<\/p>\n<p><strong><a href=\"http:\/\/www.swansea.ac.uk\/staff\/arts-and-humanities\/academic\/barbierif\">Federica Barbieri<\/a>\u00a0<\/strong> (University of Swansea, UK)<\/p>\n<p><b data-olk-copy-source=\"MessageBody\"><a href=\"https:\/\/research.manchester.ac.uk\/en\/persons\/tine.breban\" target=\"_blank\" rel=\"noopener\">Tine Breban<\/a>\u00a0<\/b>(University of Manchester, UK)<\/p>\n<p><strong><a href=\"https:\/\/www.ujaen.es\/departamentos\/filing\/contactos\/diez-bedmar-maria-belen\" target=\"_blank\" rel=\"noopener\">Belen D\u00edez-Bedmar<\/a>\u00a0(<\/strong>University of Ja\u00e9n, Spain)<\/p>\n<p><a href=\"https:\/\/enl.auth.gr\/instructor_en.asp?ID=280\"><strong>Thomi\u00a0Dalpanagioti<\/strong><\/a><strong>\u00a0<\/strong>(Aristotle University of Thessaloniki, Greece)<\/p>\n<p><strong><a href=\"https:\/\/linguistics.illinois.edu\/directory\/profile\/jedunn\">Jonathan Dunn<\/a><\/strong> (University of Illinois Urbana-Champaign, USA)<\/p>\n<p><strong><a href=\"https:\/\/pure.roehampton.ac.uk\/portal\/en\/persons\/eva-eppler(2d3a8460-68a1-4a1e-b3c5-e206e5cea874).html\">Eva Duran Eppler<\/a>\u00a0<\/strong> (University of Roehampton, UK)<\/p>\n<p><strong><a href=\"https:\/\/www.researchgate.net\/profile\/Quentin-Feltgen\" target=\"_blank\" rel=\"noopener\">Quentin Feltgen<\/a><\/strong> (Universit\u00e9 catholique de Louvain, Belgium)<\/p>\n<p><strong><a href=\"https:\/\/orcid.org\/0000-0001-6302-3726\" target=\"_blank\" rel=\"noopener\">Victoria Beatrix Fendel<\/a> <\/strong>(University of Oxford, UK)<\/p>\n<p><strong><a href=\"http:\/\/www.cardiff.ac.uk\/people\/view\/99160-fontaine-lise\">Lise Fontaine<\/a>\u00a0<\/strong> (Universit\u00e9 du Qu\u00e9bec \u00e0 Trois-Rivi\u00e8re, Canada)<\/p>\n<p><strong><a href=\"https:\/\/perso.uclouvain.be\/gaetanelle.gilquin\">Ga\u00ebtanelle Gilquin<\/a>\u00a0<\/strong> (Universit\u00e9 catholique de Louvain, Belgium)<\/p>\n<p><a href=\"https:\/\/ij.uni.opole.pl\/pracownicy\/lukasz-grabowski\/\" target=\"_blank\" rel=\"noopener\"><strong>\u0141ukasz Grabowski<\/strong><\/a> (University of Opole, Poland)<\/p>\n<p><strong>Anthony Grant<\/strong> (Edge Hill University, UK)<\/p>\n<p><strong><a href=\"http:\/\/www.lancaster.ac.uk\/linguistics\/about-us\/people\/andrew-hardie\">Andrew Hardie<\/a>\u00a0<\/strong> (Lancaster University, UK)<\/p>\n<p><strong><a href=\"https:\/\/www.uni-trier.de\/index.php?id=29525\">Sebastian Hoffmann<\/a>\u00a0<\/strong> (University of Trier, Germany)<\/p>\n<p><strong><a href=\"https:\/\/www.birmingham.ac.uk\/staff\/profiles\/elal\/hunston-susan.aspx\">Susan Hunston<\/a><\/strong> (University of Birmingham, UK)<\/p>\n<p><strong><a href=\"http:\/\/www.bcu.ac.uk\/english\/staff\/andrew-kehoe\">Andrew Kehoe<\/a> <\/strong>(Birmingham City University, UK)<\/p>\n<p><strong><a href=\"https:\/\/didattica-rubrica.unibg.it\/ugov\/person\/2469\">Stefania Maci<\/a><\/strong> (University of Bergamo, Italy)<\/p>\n<p><strong><a href=\"https:\/\/sites.google.com\/view\/franemalenica\" target=\"_blank\" rel=\"noopener\">Frane Malenica<\/a> <\/strong>(University of Zadar, <span style=\"color: initial\">Croatia)<\/span><\/p>\n<p><strong><a href=\"https:\/\/www.enl.auth.gr\/staff\/mattheou.htm\">Marina Mattheoudakis<\/a> <\/strong>(Aristotle University of Thessaloniki, Greece)<\/p>\n<p><strong><a href=\"https:\/\/www.dmu.ac.uk\/about-dmu\/academic-staff\/art-design-humanities\/gabriel-ozon\/gabriel-ozon.aspx\">Gabriel Ozon<\/a>\u00a0<\/strong> (De Montfort University, UK)<\/p>\n<p><strong><a href=\"https:\/\/uefconnect.uef.fi\/en\/person\/michael.pace-sigge\/\" target=\"_blank\" rel=\"noopener\">Michael Pace-Sigge<\/a> <\/strong>(University of East Finland, Finland)<\/p>\n<p><a href=\"https:\/\/perso.uclouvain.be\/magali.paquot\/\" target=\"_blank\" rel=\"noopener\"><strong>Magali Paquot<\/strong><\/a>\u00a0 (Universit\u00e9 catholique de Louvain, Belgium)<\/p>\n<p><strong><a href=\"https:\/\/webs.um.es\/pascualf\/miwiki\/doku.php\">Pascual Perez-Paredes<\/a>\u00a0<\/strong> (University of Murcia, Spain)<\/p>\n<p><strong><a href=\"http:\/\/www.lancaster.ac.uk\/scc\/about-us\/people\/paul-rayson\">Paul Rayson<\/a><\/strong> (Lancaster University, UK)<\/p>\n<p><a href=\"http:\/\/alsl.gsu.edu\/profile\/ute-romer\"><strong>Ute R\u00f6mer-Barron<\/strong><\/a> (Georgia State University, USA)<\/p>\n<p><a href=\"https:\/\/ssharoff.github.io\"><strong>Serge Sharoff<\/strong><\/a> (University of Leeds, UK)<\/p>\n<p><a href=\"https:\/\/researchers.mq.edu.au\/en\/persons\/margo-van-poucke\" target=\"_blank\" rel=\"noopener\"><strong>Margo Van Poucke<\/strong><\/a> (Macquarie University, Australia)<\/p>\n<p><strong><a href=\"https:\/\/pureportal.coventry.ac.uk\/en\/persons\/benet-vincent\">Benet Vincent<\/a><\/strong> (Coventry University, UK)<\/p>\n<p><strong><a href=\"https:\/\/researchportal.port.ac.uk\/portal\/en\/persons\/john-williams(d17efd53-852c-4813-99f6-4e643cbd8c96).html\">John Williams<\/a><\/strong> (University of Portsmouth, UK)<\/p>\n<p><strong><a href=\"http:\/\/users.clas.ufl.edu\/swulff\">Stefanie Wulff<\/a><\/strong> (University of Florida, USA)<\/p>\n","protected":false},"excerpt":{"rendered":"<p>Bogdan Babych (Heidelberg University, Germany) Federica Barbieri\u00a0 (University of Swansea, UK) Tine Breban\u00a0(University of Manchester, UK) Belen D\u00edez-Bedmar\u00a0(University of Ja\u00e9n, Spain) Thomi\u00a0Dalpanagioti\u00a0(Aristotle University of Thessaloniki, Greece) Jonathan Dunn (University of Illinois Urbana-Champaign, USA) Eva Duran Eppler\u00a0 (University of Roehampton, UK) Quentin Feltgen (Universit\u00e9 catholique de Louvain, Belgium) Victoria Beatrix Fendel (University of Oxford, UK) Lise [&hellip;]<\/p>\n","protected":false},"author":2315,"featured_media":0,"parent":0,"menu_order":0,"comment_status":"closed","ping_status":"closed","template":"","meta":{"footnotes":""},"class_list":["post-350","page","type-page","status-publish","hentry"],"acf":[],"yoast_head":"<!-- This site is optimized with the Yoast SEO plugin v23.5 - https:\/\/yoast.com\/wordpress\/plugins\/seo\/ -->\n<title>LxGr2026 Programme Committee - Corpus Approaches to Lexicogrammar (LxGr)<\/title>\n<meta name=\"robots\" content=\"index, follow, max-snippet:-1, max-image-preview:large, max-video-preview:-1\" \/>\n<link rel=\"canonical\" href=\"https:\/\/sites.edgehill.ac.uk\/lxgr\/committee\/\" \/>\n<meta property=\"og:locale\" content=\"en_GB\" \/>\n<meta property=\"og:type\" content=\"article\" \/>\n<meta property=\"og:title\" content=\"LxGr2026 Programme Committee - Corpus Approaches to Lexicogrammar (LxGr)\" \/>\n<meta property=\"og:description\" content=\"Bogdan Babych (Heidelberg University, Germany) Federica Barbieri\u00a0 (University of Swansea, UK) Tine Breban\u00a0(University of Manchester, UK) Belen D\u00edez-Bedmar\u00a0(University of Ja\u00e9n, Spain) Thomi\u00a0Dalpanagioti\u00a0(Aristotle University of Thessaloniki, Greece) Jonathan Dunn (University of Illinois Urbana-Champaign, USA) Eva Duran Eppler\u00a0 (University of Roehampton, UK) Quentin Feltgen (Universit\u00e9 catholique de Louvain, Belgium) Victoria Beatrix Fendel (University of Oxford, UK) Lise [&hellip;]\" \/>\n<meta property=\"og:url\" content=\"https:\/\/sites.edgehill.ac.uk\/lxgr\/committee\/\" \/>\n<meta property=\"og:site_name\" content=\"Corpus Approaches to Lexicogrammar (LxGr)\" \/>\n<meta property=\"article:modified_time\" content=\"2026-03-29T10:55:20+00:00\" \/>\n<meta name=\"twitter:card\" content=\"summary_large_image\" \/>\n<meta name=\"twitter:label1\" content=\"Est. reading time\" \/>\n\t<meta name=\"twitter:data1\" content=\"1 minute\" \/>\n<script type=\"application\/ld+json\" class=\"yoast-schema-graph\">{\"@context\":\"https:\/\/schema.org\",\"@graph\":[{\"@type\":\"WebPage\",\"@id\":\"https:\/\/sites.edgehill.ac.uk\/lxgr\/committee\/\",\"url\":\"https:\/\/sites.edgehill.ac.uk\/lxgr\/committee\/\",\"name\":\"LxGr2026 Programme Committee - Corpus Approaches to Lexicogrammar (LxGr)\",\"isPartOf\":{\"@id\":\"https:\/\/sites.edgehill.ac.uk\/lxgr\/#website\"},\"datePublished\":\"2023-01-19T17:29:12+00:00\",\"dateModified\":\"2026-03-29T10:55:20+00:00\",\"breadcrumb\":{\"@id\":\"https:\/\/sites.edgehill.ac.uk\/lxgr\/committee\/#breadcrumb\"},\"inLanguage\":\"en-GB\",\"potentialAction\":[{\"@type\":\"ReadAction\",\"target\":[\"https:\/\/sites.edgehill.ac.uk\/lxgr\/committee\/\"]}]},{\"@type\":\"BreadcrumbList\",\"@id\":\"https:\/\/sites.edgehill.ac.uk\/lxgr\/committee\/#breadcrumb\",\"itemListElement\":[{\"@type\":\"ListItem\",\"position\":1,\"name\":\"Home\",\"item\":\"https:\/\/sites.edgehill.ac.uk\/lxgr\/\"},{\"@type\":\"ListItem\",\"position\":2,\"name\":\"LxGr2026 Programme Committee\"}]},{\"@type\":\"WebSite\",\"@id\":\"https:\/\/sites.edgehill.ac.uk\/lxgr\/#website\",\"url\":\"https:\/\/sites.edgehill.ac.uk\/lxgr\/\",\"name\":\"Corpus Approaches to Lexicogrammar (LxGr)\",\"description\":\"\",\"potentialAction\":[{\"@type\":\"SearchAction\",\"target\":{\"@type\":\"EntryPoint\",\"urlTemplate\":\"https:\/\/sites.edgehill.ac.uk\/lxgr\/?s={search_term_string}\"},\"query-input\":{\"@type\":\"PropertyValueSpecification\",\"valueRequired\":true,\"valueName\":\"search_term_string\"}}],\"inLanguage\":\"en-GB\"}]}<\/script>\n<!-- \/ Yoast SEO plugin. -->","yoast_head_json":{"title":"LxGr2026 Programme Committee - Corpus Approaches to Lexicogrammar (LxGr)","robots":{"index":"index","follow":"follow","max-snippet":"max-snippet:-1","max-image-preview":"max-image-preview:large","max-video-preview":"max-video-preview:-1"},"canonical":"https:\/\/sites.edgehill.ac.uk\/lxgr\/committee\/","og_locale":"en_GB","og_type":"article","og_title":"LxGr2026 Programme Committee - Corpus Approaches to Lexicogrammar (LxGr)","og_description":"Bogdan Babych (Heidelberg University, Germany) Federica Barbieri\u00a0 (University of Swansea, UK) Tine Breban\u00a0(University of Manchester, UK) Belen D\u00edez-Bedmar\u00a0(University of Ja\u00e9n, Spain) Thomi\u00a0Dalpanagioti\u00a0(Aristotle University of Thessaloniki, Greece) Jonathan Dunn (University of Illinois Urbana-Champaign, USA) Eva Duran Eppler\u00a0 (University of Roehampton, UK) Quentin Feltgen (Universit\u00e9 catholique de Louvain, Belgium) Victoria Beatrix Fendel (University of Oxford, UK) Lise [&hellip;]","og_url":"https:\/\/sites.edgehill.ac.uk\/lxgr\/committee\/","og_site_name":"Corpus Approaches to Lexicogrammar (LxGr)","article_modified_time":"2026-03-29T10:55:20+00:00","twitter_card":"summary_large_image","twitter_misc":{"Est. reading time":"1 minute"},"schema":{"@context":"https:\/\/schema.org","@graph":[{"@type":"WebPage","@id":"https:\/\/sites.edgehill.ac.uk\/lxgr\/committee\/","url":"https:\/\/sites.edgehill.ac.uk\/lxgr\/committee\/","name":"LxGr2026 Programme Committee - Corpus Approaches to Lexicogrammar (LxGr)","isPartOf":{"@id":"https:\/\/sites.edgehill.ac.uk\/lxgr\/#website"},"datePublished":"2023-01-19T17:29:12+00:00","dateModified":"2026-03-29T10:55:20+00:00","breadcrumb":{"@id":"https:\/\/sites.edgehill.ac.uk\/lxgr\/committee\/#breadcrumb"},"inLanguage":"en-GB","potentialAction":[{"@type":"ReadAction","target":["https:\/\/sites.edgehill.ac.uk\/lxgr\/committee\/"]}]},{"@type":"BreadcrumbList","@id":"https:\/\/sites.edgehill.ac.uk\/lxgr\/committee\/#breadcrumb","itemListElement":[{"@type":"ListItem","position":1,"name":"Home","item":"https:\/\/sites.edgehill.ac.uk\/lxgr\/"},{"@type":"ListItem","position":2,"name":"LxGr2026 Programme Committee"}]},{"@type":"WebSite","@id":"https:\/\/sites.edgehill.ac.uk\/lxgr\/#website","url":"https:\/\/sites.edgehill.ac.uk\/lxgr\/","name":"Corpus Approaches to Lexicogrammar (LxGr)","description":"","potentialAction":[{"@type":"SearchAction","target":{"@type":"EntryPoint","urlTemplate":"https:\/\/sites.edgehill.ac.uk\/lxgr\/?s={search_term_string}"},"query-input":{"@type":"PropertyValueSpecification","valueRequired":true,"valueName":"search_term_string"}}],"inLanguage":"en-GB"}]}},"_links":{"self":[{"href":"https:\/\/sites.edgehill.ac.uk\/lxgr\/wp-json\/wp\/v2\/pages\/350","targetHints":{"allow":["GET"]}}],"collection":[{"href":"https:\/\/sites.edgehill.ac.uk\/lxgr\/wp-json\/wp\/v2\/pages"}],"about":[{"href":"https:\/\/sites.edgehill.ac.uk\/lxgr\/wp-json\/wp\/v2\/types\/page"}],"author":[{"embeddable":true,"href":"https:\/\/sites.edgehill.ac.uk\/lxgr\/wp-json\/wp\/v2\/users\/2315"}],"replies":[{"embeddable":true,"href":"https:\/\/sites.edgehill.ac.uk\/lxgr\/wp-json\/wp\/v2\/comments?post=350"}],"version-history":[{"count":7,"href":"https:\/\/sites.edgehill.ac.uk\/lxgr\/wp-json\/wp\/v2\/pages\/350\/revisions"}],"predecessor-version":[{"id":1266,"href":"https:\/\/sites.edgehill.ac.uk\/lxgr\/wp-json\/wp\/v2\/pages\/350\/revisions\/1266"}],"wp:attachment":[{"href":"https:\/\/sites.edgehill.ac.uk\/lxgr\/wp-json\/wp\/v2\/media?parent=350"}],"curies":[{"name":"wp","href":"https:\/\/api.w.org\/{rel}","templated":true}]}}