
{"id":1079,"date":"2022-08-09T12:03:47","date_gmt":"2022-08-09T11:03:47","guid":{"rendered":"https:\/\/sites.edgehill.ac.uk\/researchcatalyst\/?page_id=1079"},"modified":"2023-01-31T13:53:23","modified_gmt":"2023-01-31T13:53:23","slug":"the-relocation-of-the-body-when-in-an-awkward-situation-a-reflection-on-the-writing-process","status":"publish","type":"page","link":"https:\/\/sites.edgehill.ac.uk\/researchcatalyst\/archive-showcase\/research\/the-relocation-of-the-body-when-in-an-awkward-situation-a-reflection-on-the-writing-process\/","title":{"rendered":"\u2018The Relocation of the Body When in an Awkward Situation\u2019: A Reflection on the Writing Process"},"content":{"rendered":"\n<h2 class=\"wp-block-heading\">1. How it began<\/h2>\n\n\n\n<p><strong>Meeting the Text<\/strong><\/p>\n\n\n\n<p>I first saw J. E. Moon\u2019s 1967 trampolining thesis <em>The Techniques of Trampolining (for Coach and Performer)<strong>[1]<\/strong> <\/em>in Edge Hill University\u2019s archive four years ago. Much like the character who emerges later in my story, I was intrigued by the language and voice in the thesis. It is, on the surface, a thorough and well-structured guide to the elements of trampolining. But dig deeper, beneath the technical language and physics, and there are tiny slippages, moments where the writer, Moon, steps into the text. Examples such as \u2018Do not try to break your fall with the hands \u2013 this will only complicate things,\u2019[2] and \u2018I remember one person who had a very good baby fliffus and he did this movement quite successfully\u2026\u2019[3] showcase how the tone is authoritative, an instruction manual, yet spiking through is this personal and somewhat tender subtext. In my writing practice, I like experimenting with \u2018creative response\u2019, taking existing images, words or ideas and writing back to them. I wanted to explore who else might find some unlikely joy, support or nourishment in the document. How might this thesis become more than the sum of its parts for a character?<\/p>\n\n\n\n<p><strong>Collage Technique<\/strong><\/p>\n\n\n\n<p>I have been exploring the notion of \u2018found text\u2019 in my writing for some time. I am calling it literature trouv\u00e9 (lit. trouv\u00e9) after the art term Objet Trouv\u00e9, which translates from French as \u2018found object\u2019 and describes an \u2018object found by an artist and displayed with no, or minimal, alteration as (or as an element in) a work of art\u2019 <a href=\"#_ftn1\">[1]<\/a>. Also referred to as \u2018collage\u2019, the concept of using cut-ups of other words isn\u2019t new. Dadaist artists created poems using similar techniques in the 1920s. Poet Adrian Henri used collage to create his poem \u2018New Fast Automatic Daffodils\u2019<a href=\"#_ftn2\">[2]<\/a> which spliced together lines from Wordsworth\u2019s Daffodils with text from a Dutch motorcar leaflet. Author David Shields sparked controversy around plagiarism with his work <em>Reality Hunger<a href=\"#_ftn3\"><strong>[3]<\/strong><\/a><\/em> in which he collages short excerpts from multiple sources.<\/p>\n\n\n\n<p>The concept involves splicing \u2018found\u2019 texts with my own words; editing and juxtaposing to suggest new interpretations, or so that one text will be in dialogue with the other. As literature scholar Rona Cran suggests, \u2018Collage is about encounters. It is about bringing ideas into conversation with one another.\u2019<a href=\"#_ftn4\">[4]<\/a> And just like any \u2018real life\u2019 conversation, when I begin working in this way, I don\u2019t know exactly how it will unfold, how the call-and-response will function and whether the \u2018conversation\u2019 will ultimately go anywhere.<\/p>\n\n\n\n<h2 class=\"wp-block-heading\">2. First Steps<\/h2>\n\n\n\n<p>My method was to spend time with the source material in the archive. Next, I went through it forensically for words or lines that particularly resonated with me. When I\u2019m undertaking this harvesting approach I am initially instinctively searching out elegant or unusual sentences or subject-specific words, for example \u2018the radius of gyration is the same as the moment of inertia,\u2019<a href=\"#_ftn1\">[1]<\/a> and \u2018fliffes\u2019<a href=\"#_ftn2\">[2]<\/a>. I am also seeking metaphorical weight that I might be able to explore in the response writing; anything that could hold multiple interpretations. I am also investigating authorial voice in the source material, and moments of \u2018slippage\u2019 in mode, as I mention above, because these are intriguing and characterful. They help to create a framework which the secondary narrative can pull against.<\/p>\n\n\n\n<p>Once I have undertaken the harvesting process, I type the words up which allows me to feel the rhythm of the syntax and gain a deeper understanding of the language. At this point, I am deeply considering what the responding story will be.<\/p>\n\n\n\n<h2 class=\"wp-block-heading\">3. Ideas Form: Structure and Pace<\/h2>\n\n\n\n<p>There is careful orderliness in the way Moon\u2019s thesis is structured into sections. This considered approach slows the pace of the thesis and gives it a punctuated start-stop-start dynamic. It creates an intriguing antithesis to the movement of a body if it were to actually trampolining. This slow halting pace feels deliberately cautionary. It is sectional in a way that prevents a smooth movement or the abandon of the bounce itself, the way a body feels in mid-air \u2013 the flow between ascent and descent. I found this hesitancy aspect of the work fascinating and knew it was a fundamental element that I wanted to explore in the creative response.<\/p>\n\n\n\n<h2 class=\"wp-block-heading\">4. Creatively Responding to the Work<\/h2>\n\n\n\n<p>A key phrase enabled me to begin writing my response story: \u2018There can be a \u2018carry over\u2019 value to similar situations, for example, the relocation of the body when in an awkward situation e.g. upside down; or if falling backwards when not in contact with the ground then a person can land more safely by initiating a \u00bd twist in the air.\u2019<a href=\"#_ftn1\">[1]<\/a> This direct instruction felt like an invocation. The secondary narrative, about a woman who has left her controlling husband came onto the page quite quickly. The idea had already begun to form while reading the thesis, as I considered who might respond to the work \u2013 both in a physical sense, as she finds the trampoline submerged in her new garden, but also on a metaphorical level as she seeks to find support in learning to live again; to \u2018bounce back\u2019. I like how this clich\u00e9 entirely underplays the hugeness of the situation she is in. The thesis unveils the complexity of \u2018bouncing\u2019 so it felt like a potent guide for her.<\/p>\n\n\n\n<p><strong>Splicing it Together<\/strong><\/p>\n\n\n\n<p>Next, I printed the work off and cut both the trampoline extracts and the woman\u2019s narrative into sections. I laid the woman\u2019s story out and began experimenting with drawing the two texts together. I chose to keep the woman\u2019s story chronological, charting her progression to the final bounce. I randomised the sections from the trampoline thesis, replicating how the woman might dip into it and draw down memories from it nonchronologically, analogously to how a person of faith might recall quotes from a holy text to inform, support or justify their daily experiences.<\/p>\n\n\n\n<h2 class=\"wp-block-heading\">5. What did I Discover?<\/h2>\n\n\n\n<p><strong>Meaning Making<\/strong><\/p>\n\n\n\n<p>Writer David Shields says, \u2018Everything I write, I believe instinctively, is to some extent collage. Meaning, ultimately, is a matter of adjacent data.\u2019<a href=\"#_ftn1\">[1]<\/a> This is a key concept in creative practice. The human brain, given two disparate ideas, images or words will spark for ways to connect them. We seek pattern, logic and understanding in our world. We find pictures in clouds, we seek subtext in horoscopes, we read fate from coincidence. It is a fundamental of storytelling, allowing the reader space to interpret and seek meaning. A great example of this is the Kuleshov Effect. Russian filmaker Lev Kuleshov intercut the same shot of a man holding a neutral expression with an image of a bowl of soup, a child in a coffin and woman lying on a sofa, and from this juxta positioning, audiences correspondingly read hunger, grief and desire in his neutral expression<a href=\"#_ftn2\">[2]<\/a>. Meaning was made by the interrelation of the images, not by the images alone. This is how I hope \u2018Location of the Body When in an Awkward Situation\u2019 operates, intercutting the somewhat inert scientific sections from Moon\u2019s thesis with vignettes from the protagonist\u2019s life to make meaning, opening space for the reader to form their own connections.<\/p>\n\n\n\n<p><strong>The Trampoline as Metaphor \u2013 a Lyrical Story<\/strong><\/p>\n\n\n\n<p>During writing, I realised that the trampoline had become a metaphor; an image we keep returning to and each time the interpretation adjusts its position like a trampolinist in mid-air. This defines the story as what critic Eileen Baldeshwiler terms a \u2018lyrical\u2019 story \u2013 open to fluctuating interpretation and reinterpretations,<a href=\"#_ftn1\">[1]<\/a> and inviting the reader\u2019s own responses. For example, at various moments the trampoline is a shameful carcass to be dismembered and secretly disposed of; an alienlike dominating \u2018spaceship\u2019; and a living force that \u2018trembles\u2019 and allows the protagonist to exist in a liminal space. In another place, where Moon\u2019s thesis explains the <\/p>\n\n\n\n<p>process of unfolding a trampoline, via \u2018pressure\u2019 and \u2018coaxing\u2019 of leg sections and bottom legs, the trampoline could be read to be the protagonist herself as inert victim\/object. But I hope these metaphors remain somewhat open and dialectic. For a story to satisfy and grow with a reader, it needs to let them in to bounce, to test their own ideas and to allow them to freely adjust their position as they go.<\/p>\n\n\n\n<p>My deep gratitude goes to John Edward Moon for writing this beautiful work. Although the archive team have made great efforts to trace him via records and alumni, they have not been able to, but I continue to hope I might one day learn more about the writer of the work and I hope he would approve of the way I have responded to it. My thanks also to the wonderful team of archivists at Edge Hill for being curious and nurturing curiosity.<\/p>\n\n\n\n<p>Sarah Schofield<\/p>\n\n\n\n<hr class=\"wp-block-separator has-css-opacity is-style-wide\"\/>\n\n\n\n<div class=\"wp-block-group is-layout-flow wp-block-group-is-layout-flow\">\n<p>[1] John Edward Moon, \u2018The Techniques of Trampolining (for Coach and Performer)\u2019 (unpublished doctoral thesis, Edge Hill University, Ormskirk, 1967)<\/p>\n\n\n\n<p>[2] Moon, p. 37.<\/p>\n\n\n\n<p>[3] Moon, p. 89. <\/p>\n\n\n\n<p>[4] Oxford Reference website, \u02c2https:\/\/www.oxfordreference.com\/view\/10.1093\/oi\/authority.20110803100243703\u02c3 [Accessed 30 June 2022]<\/p>\n\n\n\n<p>[5] Adrian Henri, \u2018New Fast Automatic Daffodils\u2019 in <em>The Mersey Sound<\/em>, by Adrian Henri, Roger McGough and Brian Patten (London: Penguin, 1967).<\/p>\n\n\n\n<p>[6] David Shields, <em>Reality Hunger: A Manifesto<\/em>, (London: Penguin, 2011).<\/p>\n\n\n\n<p>[7] Rona Cran, <em>Collage in Twentieth-Century Art, Literature, and Culture : Joseph Cornell, William Burroughs, Frank o&#8217;Hara, and Bob Dylan<\/em> (Oxford: Taylor &amp; Francis Group, 2014)<em>&nbsp;<\/em>p. 4.<\/p>\n\n\n\n<p>[8] Moon, p. 60. <\/p>\n\n\n\n<p>[9] Moon, p. 85.<\/p>\n\n\n\n<p>[10] Moon, p. 14.<\/p>\n\n\n\n<p>[11] David Shields, \u2018Reality Hunger: A Manifesto*\u2019, <em>Salmagundi,&nbsp;<\/em>164, (2010) (pp. 72-92), p.75.<\/p>\n\n\n\n<p>[12] Lev Kuleshov, <em>Efecto Koulechov 1<\/em>,&nbsp; &lt;https:\/\/www.youtube.com\/watch?v=_gGl3LJ7vHc&gt; [Accessed 29 June 2022]. <\/p>\n\n\n\n<p>[13] Eileen Baldeshwiler, \u2018The Lyrical Short Story: the sketch of a history\u2019, <em>The New Short Story Theories<\/em>, ed. by Charles E. May (Ohio: Ohio Press University, 1994) p. 231.<\/p>\n<\/div>\n","protected":false},"excerpt":{"rendered":"<p>1. How it began Meeting the Text I first saw J. E. Moon\u2019s 1967 trampolining thesis The Techniques of Trampolining (for Coach and Performer)[1] in Edge Hill University\u2019s archive four years ago. Much like the character who emerges later in my story, I was intrigued by the language and voice in the thesis. It is, [&hellip;]<\/p>\n","protected":false},"author":2146,"featured_media":0,"parent":556,"menu_order":0,"comment_status":"closed","ping_status":"closed","template":"","meta":{"footnotes":""},"class_list":["post-1079","page","type-page","status-publish","hentry"],"acf":[],"yoast_head":"<!-- This site is optimized with the Yoast SEO plugin v23.5 - https:\/\/yoast.com\/wordpress\/plugins\/seo\/ -->\n<title>\u2018The Relocation of the Body When in an Awkward Situation\u2019: A Reflection on the Writing Process - Research Catalyst<\/title>\n<meta name=\"robots\" content=\"index, follow, max-snippet:-1, max-image-preview:large, max-video-preview:-1\" \/>\n<link rel=\"canonical\" href=\"https:\/\/sites.edgehill.ac.uk\/researchcatalyst\/archive-showcase\/research\/the-relocation-of-the-body-when-in-an-awkward-situation-a-reflection-on-the-writing-process\/\" \/>\n<meta property=\"og:locale\" content=\"en_GB\" \/>\n<meta property=\"og:type\" content=\"article\" \/>\n<meta property=\"og:title\" content=\"\u2018The Relocation of the Body When in an Awkward Situation\u2019: A Reflection on the Writing Process - Research Catalyst\" \/>\n<meta property=\"og:description\" content=\"1. How it began Meeting the Text I first saw J. E. Moon\u2019s 1967 trampolining thesis The Techniques of Trampolining (for Coach and Performer)[1] in Edge Hill University\u2019s archive four years ago. Much like the character who emerges later in my story, I was intrigued by the language and voice in the thesis. It is, [&hellip;]\" \/>\n<meta property=\"og:url\" content=\"https:\/\/sites.edgehill.ac.uk\/researchcatalyst\/archive-showcase\/research\/the-relocation-of-the-body-when-in-an-awkward-situation-a-reflection-on-the-writing-process\/\" \/>\n<meta property=\"og:site_name\" content=\"Research Catalyst\" \/>\n<meta property=\"article:modified_time\" content=\"2023-01-31T13:53:23+00:00\" \/>\n<meta name=\"twitter:card\" content=\"summary_large_image\" \/>\n<meta name=\"twitter:label1\" content=\"Est. reading time\" \/>\n\t<meta name=\"twitter:data1\" content=\"8 minutes\" \/>\n<script type=\"application\/ld+json\" class=\"yoast-schema-graph\">{\"@context\":\"https:\/\/schema.org\",\"@graph\":[{\"@type\":\"WebPage\",\"@id\":\"https:\/\/sites.edgehill.ac.uk\/researchcatalyst\/archive-showcase\/research\/the-relocation-of-the-body-when-in-an-awkward-situation-a-reflection-on-the-writing-process\/\",\"url\":\"https:\/\/sites.edgehill.ac.uk\/researchcatalyst\/archive-showcase\/research\/the-relocation-of-the-body-when-in-an-awkward-situation-a-reflection-on-the-writing-process\/\",\"name\":\"\u2018The Relocation of the Body When in an Awkward Situation\u2019: A Reflection on the Writing Process - Research Catalyst\",\"isPartOf\":{\"@id\":\"https:\/\/sites.edgehill.ac.uk\/researchcatalyst\/#website\"},\"datePublished\":\"2022-08-09T11:03:47+00:00\",\"dateModified\":\"2023-01-31T13:53:23+00:00\",\"breadcrumb\":{\"@id\":\"https:\/\/sites.edgehill.ac.uk\/researchcatalyst\/archive-showcase\/research\/the-relocation-of-the-body-when-in-an-awkward-situation-a-reflection-on-the-writing-process\/#breadcrumb\"},\"inLanguage\":\"en-GB\",\"potentialAction\":[{\"@type\":\"ReadAction\",\"target\":[\"https:\/\/sites.edgehill.ac.uk\/researchcatalyst\/archive-showcase\/research\/the-relocation-of-the-body-when-in-an-awkward-situation-a-reflection-on-the-writing-process\/\"]}]},{\"@type\":\"BreadcrumbList\",\"@id\":\"https:\/\/sites.edgehill.ac.uk\/researchcatalyst\/archive-showcase\/research\/the-relocation-of-the-body-when-in-an-awkward-situation-a-reflection-on-the-writing-process\/#breadcrumb\",\"itemListElement\":[{\"@type\":\"ListItem\",\"position\":1,\"name\":\"Home\",\"item\":\"https:\/\/sites.edgehill.ac.uk\/researchcatalyst\/\"},{\"@type\":\"ListItem\",\"position\":2,\"name\":\"Archive Showcase\",\"item\":\"https:\/\/sites.edgehill.ac.uk\/researchcatalyst\/archive-showcase\/\"},{\"@type\":\"ListItem\",\"position\":3,\"name\":\"Research\",\"item\":\"https:\/\/sites.edgehill.ac.uk\/researchcatalyst\/archive-showcase\/research\/\"},{\"@type\":\"ListItem\",\"position\":4,\"name\":\"\u2018The Relocation of the Body When in an Awkward Situation\u2019: A Reflection on the Writing Process\"}]},{\"@type\":\"WebSite\",\"@id\":\"https:\/\/sites.edgehill.ac.uk\/researchcatalyst\/#website\",\"url\":\"https:\/\/sites.edgehill.ac.uk\/researchcatalyst\/\",\"name\":\"Research Catalyst\",\"description\":\"\",\"potentialAction\":[{\"@type\":\"SearchAction\",\"target\":{\"@type\":\"EntryPoint\",\"urlTemplate\":\"https:\/\/sites.edgehill.ac.uk\/researchcatalyst\/?s={search_term_string}\"},\"query-input\":{\"@type\":\"PropertyValueSpecification\",\"valueRequired\":true,\"valueName\":\"search_term_string\"}}],\"inLanguage\":\"en-GB\"}]}<\/script>\n<!-- \/ Yoast SEO plugin. -->","yoast_head_json":{"title":"\u2018The Relocation of the Body When in an Awkward Situation\u2019: A Reflection on the Writing Process - Research Catalyst","robots":{"index":"index","follow":"follow","max-snippet":"max-snippet:-1","max-image-preview":"max-image-preview:large","max-video-preview":"max-video-preview:-1"},"canonical":"https:\/\/sites.edgehill.ac.uk\/researchcatalyst\/archive-showcase\/research\/the-relocation-of-the-body-when-in-an-awkward-situation-a-reflection-on-the-writing-process\/","og_locale":"en_GB","og_type":"article","og_title":"\u2018The Relocation of the Body When in an Awkward Situation\u2019: A Reflection on the Writing Process - Research Catalyst","og_description":"1. How it began Meeting the Text I first saw J. E. Moon\u2019s 1967 trampolining thesis The Techniques of Trampolining (for Coach and Performer)[1] in Edge Hill University\u2019s archive four years ago. Much like the character who emerges later in my story, I was intrigued by the language and voice in the thesis. It is, [&hellip;]","og_url":"https:\/\/sites.edgehill.ac.uk\/researchcatalyst\/archive-showcase\/research\/the-relocation-of-the-body-when-in-an-awkward-situation-a-reflection-on-the-writing-process\/","og_site_name":"Research Catalyst","article_modified_time":"2023-01-31T13:53:23+00:00","twitter_card":"summary_large_image","twitter_misc":{"Est. reading time":"8 minutes"},"schema":{"@context":"https:\/\/schema.org","@graph":[{"@type":"WebPage","@id":"https:\/\/sites.edgehill.ac.uk\/researchcatalyst\/archive-showcase\/research\/the-relocation-of-the-body-when-in-an-awkward-situation-a-reflection-on-the-writing-process\/","url":"https:\/\/sites.edgehill.ac.uk\/researchcatalyst\/archive-showcase\/research\/the-relocation-of-the-body-when-in-an-awkward-situation-a-reflection-on-the-writing-process\/","name":"\u2018The Relocation of the Body When in an Awkward Situation\u2019: A Reflection on the Writing Process - Research Catalyst","isPartOf":{"@id":"https:\/\/sites.edgehill.ac.uk\/researchcatalyst\/#website"},"datePublished":"2022-08-09T11:03:47+00:00","dateModified":"2023-01-31T13:53:23+00:00","breadcrumb":{"@id":"https:\/\/sites.edgehill.ac.uk\/researchcatalyst\/archive-showcase\/research\/the-relocation-of-the-body-when-in-an-awkward-situation-a-reflection-on-the-writing-process\/#breadcrumb"},"inLanguage":"en-GB","potentialAction":[{"@type":"ReadAction","target":["https:\/\/sites.edgehill.ac.uk\/researchcatalyst\/archive-showcase\/research\/the-relocation-of-the-body-when-in-an-awkward-situation-a-reflection-on-the-writing-process\/"]}]},{"@type":"BreadcrumbList","@id":"https:\/\/sites.edgehill.ac.uk\/researchcatalyst\/archive-showcase\/research\/the-relocation-of-the-body-when-in-an-awkward-situation-a-reflection-on-the-writing-process\/#breadcrumb","itemListElement":[{"@type":"ListItem","position":1,"name":"Home","item":"https:\/\/sites.edgehill.ac.uk\/researchcatalyst\/"},{"@type":"ListItem","position":2,"name":"Archive Showcase","item":"https:\/\/sites.edgehill.ac.uk\/researchcatalyst\/archive-showcase\/"},{"@type":"ListItem","position":3,"name":"Research","item":"https:\/\/sites.edgehill.ac.uk\/researchcatalyst\/archive-showcase\/research\/"},{"@type":"ListItem","position":4,"name":"\u2018The Relocation of the Body When in an Awkward Situation\u2019: A Reflection on the Writing Process"}]},{"@type":"WebSite","@id":"https:\/\/sites.edgehill.ac.uk\/researchcatalyst\/#website","url":"https:\/\/sites.edgehill.ac.uk\/researchcatalyst\/","name":"Research Catalyst","description":"","potentialAction":[{"@type":"SearchAction","target":{"@type":"EntryPoint","urlTemplate":"https:\/\/sites.edgehill.ac.uk\/researchcatalyst\/?s={search_term_string}"},"query-input":{"@type":"PropertyValueSpecification","valueRequired":true,"valueName":"search_term_string"}}],"inLanguage":"en-GB"}]}},"_links":{"self":[{"href":"https:\/\/sites.edgehill.ac.uk\/researchcatalyst\/wp-json\/wp\/v2\/pages\/1079","targetHints":{"allow":["GET"]}}],"collection":[{"href":"https:\/\/sites.edgehill.ac.uk\/researchcatalyst\/wp-json\/wp\/v2\/pages"}],"about":[{"href":"https:\/\/sites.edgehill.ac.uk\/researchcatalyst\/wp-json\/wp\/v2\/types\/page"}],"author":[{"embeddable":true,"href":"https:\/\/sites.edgehill.ac.uk\/researchcatalyst\/wp-json\/wp\/v2\/users\/2146"}],"replies":[{"embeddable":true,"href":"https:\/\/sites.edgehill.ac.uk\/researchcatalyst\/wp-json\/wp\/v2\/comments?post=1079"}],"version-history":[{"count":0,"href":"https:\/\/sites.edgehill.ac.uk\/researchcatalyst\/wp-json\/wp\/v2\/pages\/1079\/revisions"}],"up":[{"embeddable":true,"href":"https:\/\/sites.edgehill.ac.uk\/researchcatalyst\/wp-json\/wp\/v2\/pages\/556"}],"wp:attachment":[{"href":"https:\/\/sites.edgehill.ac.uk\/researchcatalyst\/wp-json\/wp\/v2\/media?parent=1079"}],"curies":[{"name":"wp","href":"https:\/\/api.w.org\/{rel}","templated":true}]}}