{"id":311,"date":"2025-06-23T14:25:49","date_gmt":"2025-06-23T14:25:49","guid":{"rendered":"https:\/\/sites.edgehill.ac.uk\/rpdc\/?page_id=311"},"modified":"2025-07-10T16:57:52","modified_gmt":"2025-07-10T16:57:52","slug":"jenny-holder","status":"publish","type":"page","link":"https:\/\/sites.edgehill.ac.uk\/rpdc\/jenny-holder\/","title":{"rendered":"Jenny Holder"},"content":{"rendered":"\n<p>Liverpool Learning Partnership<\/p>\n\n\n\n<h3 class=\"wp-block-heading\">Reading From The Start: A Cross-Sector Project to Promote Early Communication Through Training and Community Implementation<\/h3>\n\n\n\n<p>This presentation outlines a cross-sector project delivered by Liverpool Learning Partnership, an education charity, with support from Merseyside Violence Reduction Partnership and local authorities. The initiative aimed to build capacity and knowledge across Early Help, education, health, childcare, libraries and third sector professionals to support early communication, shared reading, and language development from pregnancy through toddlerhood.<br><br>The project focused on three evidence-informed training sessions: Read to Bump, focusing on communication and learning in utero; Books with Babies, supporting early shared reading, speaking and singing; and Toddler Tales, which encourages storytelling, play, and responsive interactions. Designed to be accessible across sectors, evaluations from the training showed it deepened professional understanding of the science of early learning and attachment.<br><br>The training was well received and led to follow-up activity in libraries and early years settings, where key practices were embedded into family-facing work with expectant parents and those with young children. The presentation will share insights from project implementation, participant feedback, and lessons learned about cross-sector collaboration and place-based intervention.<br>This project draws on a growing body of research in early childhood development, particularly the understanding that early interactions and brain development are crucial for the development of language, understanding and attachment (e.g. Partanen et al, 2013; Lang, Del Giudice and Schabus, 2020). This work connects the need for an understanding of developmental science and neuroscience with place-based intervention practices (Taylor, Buckley and Hennessy, 2017).<br><br><br>Lang, A., Del Giudice, R., &amp; Schabus, M. (2020). Sleep, little baby: The calming effects of prenatal speech exposure on newborns&#8217; sleep and heart rate. Brain Sciences, 10(8), 511.<br><br>Partanen, E., Kujala, T., N\u00e4\u00e4t\u00e4nen, R., Liitola, A., Sambeth, A., &amp; Huotilainen, M. (2013). Fetal brain learns to process speech. Proceedings of the National Academy of Sciences, 110(37), 15145\u201315150.<br>\u00a0<br>Taylor, M., Buckley, E., &amp; Hennessy, C. (2017). <a href=\"https:\/\/lankellychase.org.uk\/wp-content\/uploads\/2017\/10\/Historical-review-of-place-based-approaches.pdf\">Historical review of place-based approaches.<\/a> Lankelly Chase. <\/p>\n\n\n\n<p><\/p>\n\n\n\n<figure class=\"wp-block-embed is-type-wp-embed is-provider-2025-research-amp-professional-development-conference wp-block-embed-2025-research-amp-professional-development-conference\"><div class=\"wp-block-embed__wrapper\">\n<blockquote class=\"wp-embedded-content\" data-secret=\"zJHSHxGZUb\"><a href=\"https:\/\/sites.edgehill.ac.uk\/rpdc\/parallel-sessions-3\/\">Parallel Sessions 3 Thursday 12.30pm<\/a><\/blockquote><iframe loading=\"lazy\" class=\"wp-embedded-content\" sandbox=\"allow-scripts\" security=\"restricted\" style=\"position: absolute; visibility: hidden;\" title=\"&#8220;Parallel Sessions 3 Thursday 12.30pm&#8221; &#8212; 2025 Research &amp; Professional Development Conference\" src=\"https:\/\/sites.edgehill.ac.uk\/rpdc\/parallel-sessions-3\/embed\/#?secret=9y9OVhvX3g#?secret=zJHSHxGZUb\" data-secret=\"zJHSHxGZUb\" width=\"500\" height=\"282\" frameborder=\"0\" marginwidth=\"0\" marginheight=\"0\" scrolling=\"no\"><\/iframe>\n<\/div><\/figure>\n","protected":false},"excerpt":{"rendered":"<p>Liverpool Learning Partnership Reading From The Start: A Cross-Sector Project to Promote Early Communication Through Training and Community Implementation This presentation outlines a cross-sector project delivered by Liverpool Learning Partnership, an education charity, with support from Merseyside Violence Reduction Partnership and local authorities. The initiative aimed to build capacity and knowledge across Early Help, education, [&hellip;]<\/p>\n","protected":false},"author":2462,"featured_media":0,"parent":0,"menu_order":0,"comment_status":"closed","ping_status":"closed","template":"","meta":{"footnotes":""},"class_list":["post-311","page","type-page","status-publish","hentry"],"acf":[],"yoast_head":"<!-- This site is optimized with the Yoast SEO plugin v23.5 - https:\/\/yoast.com\/wordpress\/plugins\/seo\/ -->\n<title>Jenny Holder - 2025 Research &amp; Professional Development Conference<\/title>\n<meta name=\"robots\" content=\"index, follow, max-snippet:-1, max-image-preview:large, max-video-preview:-1\" \/>\n<link rel=\"canonical\" href=\"https:\/\/sites.edgehill.ac.uk\/rpdc\/jenny-holder\/\" \/>\n<meta property=\"og:locale\" content=\"en_US\" \/>\n<meta property=\"og:type\" content=\"article\" \/>\n<meta property=\"og:title\" content=\"Jenny Holder - 2025 Research &amp; Professional Development Conference\" \/>\n<meta property=\"og:description\" content=\"Liverpool Learning Partnership Reading From The Start: A Cross-Sector Project to Promote Early Communication Through Training and Community Implementation This presentation outlines a cross-sector project delivered by Liverpool Learning Partnership, an education charity, with support from Merseyside Violence Reduction Partnership and local authorities. The initiative aimed to build capacity and knowledge across Early Help, education, [&hellip;]\" \/>\n<meta property=\"og:url\" content=\"https:\/\/sites.edgehill.ac.uk\/rpdc\/jenny-holder\/\" \/>\n<meta property=\"og:site_name\" content=\"2025 Research &amp; Professional Development Conference\" \/>\n<meta property=\"article:modified_time\" content=\"2025-07-10T16:57:52+00:00\" \/>\n<meta name=\"twitter:card\" content=\"summary_large_image\" \/>\n<meta name=\"twitter:label1\" content=\"Est. reading time\" \/>\n\t<meta name=\"twitter:data1\" content=\"2 minutes\" \/>\n<script type=\"application\/ld+json\" class=\"yoast-schema-graph\">{\"@context\":\"https:\/\/schema.org\",\"@graph\":[{\"@type\":\"WebPage\",\"@id\":\"https:\/\/sites.edgehill.ac.uk\/rpdc\/jenny-holder\/\",\"url\":\"https:\/\/sites.edgehill.ac.uk\/rpdc\/jenny-holder\/\",\"name\":\"Jenny Holder - 2025 Research &amp; Professional Development Conference\",\"isPartOf\":{\"@id\":\"https:\/\/sites.edgehill.ac.uk\/rpdc\/#website\"},\"datePublished\":\"2025-06-23T14:25:49+00:00\",\"dateModified\":\"2025-07-10T16:57:52+00:00\",\"breadcrumb\":{\"@id\":\"https:\/\/sites.edgehill.ac.uk\/rpdc\/jenny-holder\/#breadcrumb\"},\"inLanguage\":\"en-US\",\"potentialAction\":[{\"@type\":\"ReadAction\",\"target\":[\"https:\/\/sites.edgehill.ac.uk\/rpdc\/jenny-holder\/\"]}]},{\"@type\":\"BreadcrumbList\",\"@id\":\"https:\/\/sites.edgehill.ac.uk\/rpdc\/jenny-holder\/#breadcrumb\",\"itemListElement\":[{\"@type\":\"ListItem\",\"position\":1,\"name\":\"Home\",\"item\":\"https:\/\/sites.edgehill.ac.uk\/rpdc\/\"},{\"@type\":\"ListItem\",\"position\":2,\"name\":\"Jenny Holder\"}]},{\"@type\":\"WebSite\",\"@id\":\"https:\/\/sites.edgehill.ac.uk\/rpdc\/#website\",\"url\":\"https:\/\/sites.edgehill.ac.uk\/rpdc\/\",\"name\":\"2025 Research &amp; Professional Development Conference\",\"description\":\"\",\"potentialAction\":[{\"@type\":\"SearchAction\",\"target\":{\"@type\":\"EntryPoint\",\"urlTemplate\":\"https:\/\/sites.edgehill.ac.uk\/rpdc\/?s={search_term_string}\"},\"query-input\":{\"@type\":\"PropertyValueSpecification\",\"valueRequired\":true,\"valueName\":\"search_term_string\"}}],\"inLanguage\":\"en-US\"}]}<\/script>\n<!-- \/ Yoast SEO plugin. -->","yoast_head_json":{"title":"Jenny Holder - 2025 Research &amp; Professional Development Conference","robots":{"index":"index","follow":"follow","max-snippet":"max-snippet:-1","max-image-preview":"max-image-preview:large","max-video-preview":"max-video-preview:-1"},"canonical":"https:\/\/sites.edgehill.ac.uk\/rpdc\/jenny-holder\/","og_locale":"en_US","og_type":"article","og_title":"Jenny Holder - 2025 Research &amp; Professional Development Conference","og_description":"Liverpool Learning Partnership Reading From The Start: A Cross-Sector Project to Promote Early Communication Through Training and Community Implementation This presentation outlines a cross-sector project delivered by Liverpool Learning Partnership, an education charity, with support from Merseyside Violence Reduction Partnership and local authorities. The initiative aimed to build capacity and knowledge across Early Help, education, [&hellip;]","og_url":"https:\/\/sites.edgehill.ac.uk\/rpdc\/jenny-holder\/","og_site_name":"2025 Research &amp; Professional Development Conference","article_modified_time":"2025-07-10T16:57:52+00:00","twitter_card":"summary_large_image","twitter_misc":{"Est. reading time":"2 minutes"},"schema":{"@context":"https:\/\/schema.org","@graph":[{"@type":"WebPage","@id":"https:\/\/sites.edgehill.ac.uk\/rpdc\/jenny-holder\/","url":"https:\/\/sites.edgehill.ac.uk\/rpdc\/jenny-holder\/","name":"Jenny Holder - 2025 Research &amp; Professional Development Conference","isPartOf":{"@id":"https:\/\/sites.edgehill.ac.uk\/rpdc\/#website"},"datePublished":"2025-06-23T14:25:49+00:00","dateModified":"2025-07-10T16:57:52+00:00","breadcrumb":{"@id":"https:\/\/sites.edgehill.ac.uk\/rpdc\/jenny-holder\/#breadcrumb"},"inLanguage":"en-US","potentialAction":[{"@type":"ReadAction","target":["https:\/\/sites.edgehill.ac.uk\/rpdc\/jenny-holder\/"]}]},{"@type":"BreadcrumbList","@id":"https:\/\/sites.edgehill.ac.uk\/rpdc\/jenny-holder\/#breadcrumb","itemListElement":[{"@type":"ListItem","position":1,"name":"Home","item":"https:\/\/sites.edgehill.ac.uk\/rpdc\/"},{"@type":"ListItem","position":2,"name":"Jenny Holder"}]},{"@type":"WebSite","@id":"https:\/\/sites.edgehill.ac.uk\/rpdc\/#website","url":"https:\/\/sites.edgehill.ac.uk\/rpdc\/","name":"2025 Research &amp; Professional Development Conference","description":"","potentialAction":[{"@type":"SearchAction","target":{"@type":"EntryPoint","urlTemplate":"https:\/\/sites.edgehill.ac.uk\/rpdc\/?s={search_term_string}"},"query-input":{"@type":"PropertyValueSpecification","valueRequired":true,"valueName":"search_term_string"}}],"inLanguage":"en-US"}]}},"_links":{"self":[{"href":"https:\/\/sites.edgehill.ac.uk\/rpdc\/wp-json\/wp\/v2\/pages\/311","targetHints":{"allow":["GET"]}}],"collection":[{"href":"https:\/\/sites.edgehill.ac.uk\/rpdc\/wp-json\/wp\/v2\/pages"}],"about":[{"href":"https:\/\/sites.edgehill.ac.uk\/rpdc\/wp-json\/wp\/v2\/types\/page"}],"author":[{"embeddable":true,"href":"https:\/\/sites.edgehill.ac.uk\/rpdc\/wp-json\/wp\/v2\/users\/2462"}],"replies":[{"embeddable":true,"href":"https:\/\/sites.edgehill.ac.uk\/rpdc\/wp-json\/wp\/v2\/comments?post=311"}],"version-history":[{"count":0,"href":"https:\/\/sites.edgehill.ac.uk\/rpdc\/wp-json\/wp\/v2\/pages\/311\/revisions"}],"wp:attachment":[{"href":"https:\/\/sites.edgehill.ac.uk\/rpdc\/wp-json\/wp\/v2\/media?parent=311"}],"curies":[{"name":"wp","href":"https:\/\/api.w.org\/{rel}","templated":true}]}}