{"id":313,"date":"2025-06-23T13:56:26","date_gmt":"2025-06-23T13:56:26","guid":{"rendered":"https:\/\/sites.edgehill.ac.uk\/rpdc\/?page_id=313"},"modified":"2025-07-11T13:13:22","modified_gmt":"2025-07-11T13:13:22","slug":"dr-alicia-blanco-bayo","status":"publish","type":"page","link":"https:\/\/sites.edgehill.ac.uk\/rpdc\/dr-alicia-blanco-bayo\/","title":{"rendered":"Dr Alicia Blanco-Bayo"},"content":{"rendered":"\n<p>Edge Hill University<\/p>\n\n\n\n<h3 class=\"wp-block-heading\">&#8220;Can you really love your neighbour?\u201d A Theoretical exploration of the silenced concept of &#8216;academic love&#8217; in Higher Education institutions<\/h3>\n\n\n\n<p>In a landscape increasingly dominated by neoliberal ideologies, where productivity, individual achievement, and institutional rankings often take precedence, compassion and empathy are at risk of being side lined (Hokka, 2023). These pressures privilege successful research bids and publications in high-impact journals over research that prioritises societal impact (Ball, 2015). In response to this, I explore how &#8216;academic love&#8217; can inspire change and equip academics to resist market-driven values and re-centre human connection in Higher Education (HE) (Caddell &amp; Wilder, 2018). Building on Blanco-Bayo\u2019s (2022) concept of cari\u00f1o -spontaneous, reciprocal affection rooted in love- I argue that \u2018academic love\u2019 is necessary and can transform the current culture in HE.<\/p>\n\n\n\n<p>I redefine \u2018academic love\u2019 as a deep level of compassion between academics, grounded in love and affection. This concept counterbalances the competitive nature of neoliberal academic spaces (Waddington, 2018) and reiterates that compassion strengthens collegial relationships and promotes relational academic communities (Andrew et al., 2023).<\/p>\n\n\n\n<p>Rather than prioritising productivity, \u2018academic love\u2019 forms the foundation of academic culture (Aguado-L\u00f3pez, Becerril-Garc\u00eda &amp; God\u00ednez-Larios, 2018) and nurtures collective well-being and promotes, equity, collaboration and justice in academic work. Ultimately, this definition can help rethink academic values based on love and demonstrations of solidarity towards each other, and in the process, reshape the future of research and teaching in HE.<\/p>\n\n\n\n<figure class=\"wp-block-embed is-type-wp-embed is-provider-2025-research-amp-professional-development-conference wp-block-embed-2025-research-amp-professional-development-conference\"><div class=\"wp-block-embed__wrapper\">\n<blockquote class=\"wp-embedded-content\" data-secret=\"IQpgjpdgWZ\"><a href=\"https:\/\/sites.edgehill.ac.uk\/rpdc\/parallel-sessions-2\/\">Parallel Sessions 2 Wednesday 4.15pm<\/a><\/blockquote><iframe loading=\"lazy\" class=\"wp-embedded-content\" sandbox=\"allow-scripts\" security=\"restricted\" style=\"position: absolute; visibility: hidden;\" title=\"&#8220;Parallel Sessions 2 Wednesday 4.15pm&#8221; &#8212; 2025 Research &amp; Professional Development Conference\" src=\"https:\/\/sites.edgehill.ac.uk\/rpdc\/parallel-sessions-2\/embed\/#?secret=jab0Ih9kun#?secret=IQpgjpdgWZ\" data-secret=\"IQpgjpdgWZ\" width=\"500\" height=\"282\" frameborder=\"0\" marginwidth=\"0\" marginheight=\"0\" scrolling=\"no\"><\/iframe>\n<\/div><\/figure>\n","protected":false},"excerpt":{"rendered":"<p>Edge Hill University &#8220;Can you really love your neighbour?\u201d A Theoretical exploration of the silenced concept of &#8216;academic love&#8217; in Higher Education institutions In a landscape increasingly dominated by neoliberal ideologies, where productivity, individual achievement, and institutional rankings often take precedence, compassion and empathy are at risk of being side lined (Hokka, 2023). These pressures [&hellip;]<\/p>\n","protected":false},"author":2462,"featured_media":0,"parent":0,"menu_order":0,"comment_status":"closed","ping_status":"closed","template":"","meta":{"footnotes":""},"class_list":["post-313","page","type-page","status-publish","hentry"],"acf":[],"yoast_head":"<!-- This site is optimized with the Yoast SEO plugin v23.5 - https:\/\/yoast.com\/wordpress\/plugins\/seo\/ -->\n<title>Dr Alicia Blanco-Bayo - 2025 Research &amp; Professional Development Conference<\/title>\n<meta name=\"robots\" content=\"index, follow, max-snippet:-1, max-image-preview:large, max-video-preview:-1\" \/>\n<link rel=\"canonical\" href=\"https:\/\/sites.edgehill.ac.uk\/rpdc\/dr-alicia-blanco-bayo\/\" \/>\n<meta property=\"og:locale\" content=\"en_US\" \/>\n<meta property=\"og:type\" content=\"article\" \/>\n<meta property=\"og:title\" content=\"Dr Alicia Blanco-Bayo - 2025 Research &amp; Professional Development Conference\" \/>\n<meta property=\"og:description\" content=\"Edge Hill University &#8220;Can you really love your neighbour?\u201d A Theoretical exploration of the silenced concept of &#8216;academic love&#8217; in Higher Education institutions In a landscape increasingly dominated by neoliberal ideologies, where productivity, individual achievement, and institutional rankings often take precedence, compassion and empathy are at risk of being side lined (Hokka, 2023). These pressures [&hellip;]\" \/>\n<meta property=\"og:url\" content=\"https:\/\/sites.edgehill.ac.uk\/rpdc\/dr-alicia-blanco-bayo\/\" \/>\n<meta property=\"og:site_name\" content=\"2025 Research &amp; Professional Development Conference\" \/>\n<meta property=\"article:modified_time\" content=\"2025-07-11T13:13:22+00:00\" \/>\n<meta name=\"twitter:card\" content=\"summary_large_image\" \/>\n<meta name=\"twitter:label1\" content=\"Est. reading time\" \/>\n\t<meta name=\"twitter:data1\" content=\"2 minutes\" \/>\n<script type=\"application\/ld+json\" class=\"yoast-schema-graph\">{\"@context\":\"https:\/\/schema.org\",\"@graph\":[{\"@type\":\"WebPage\",\"@id\":\"https:\/\/sites.edgehill.ac.uk\/rpdc\/dr-alicia-blanco-bayo\/\",\"url\":\"https:\/\/sites.edgehill.ac.uk\/rpdc\/dr-alicia-blanco-bayo\/\",\"name\":\"Dr Alicia Blanco-Bayo - 2025 Research &amp; Professional Development Conference\",\"isPartOf\":{\"@id\":\"https:\/\/sites.edgehill.ac.uk\/rpdc\/#website\"},\"datePublished\":\"2025-06-23T13:56:26+00:00\",\"dateModified\":\"2025-07-11T13:13:22+00:00\",\"breadcrumb\":{\"@id\":\"https:\/\/sites.edgehill.ac.uk\/rpdc\/dr-alicia-blanco-bayo\/#breadcrumb\"},\"inLanguage\":\"en-US\",\"potentialAction\":[{\"@type\":\"ReadAction\",\"target\":[\"https:\/\/sites.edgehill.ac.uk\/rpdc\/dr-alicia-blanco-bayo\/\"]}]},{\"@type\":\"BreadcrumbList\",\"@id\":\"https:\/\/sites.edgehill.ac.uk\/rpdc\/dr-alicia-blanco-bayo\/#breadcrumb\",\"itemListElement\":[{\"@type\":\"ListItem\",\"position\":1,\"name\":\"Home\",\"item\":\"https:\/\/sites.edgehill.ac.uk\/rpdc\/\"},{\"@type\":\"ListItem\",\"position\":2,\"name\":\"Dr Alicia Blanco-Bayo\"}]},{\"@type\":\"WebSite\",\"@id\":\"https:\/\/sites.edgehill.ac.uk\/rpdc\/#website\",\"url\":\"https:\/\/sites.edgehill.ac.uk\/rpdc\/\",\"name\":\"2025 Research &amp; Professional Development Conference\",\"description\":\"\",\"potentialAction\":[{\"@type\":\"SearchAction\",\"target\":{\"@type\":\"EntryPoint\",\"urlTemplate\":\"https:\/\/sites.edgehill.ac.uk\/rpdc\/?s={search_term_string}\"},\"query-input\":{\"@type\":\"PropertyValueSpecification\",\"valueRequired\":true,\"valueName\":\"search_term_string\"}}],\"inLanguage\":\"en-US\"}]}<\/script>\n<!-- \/ Yoast SEO plugin. -->","yoast_head_json":{"title":"Dr Alicia Blanco-Bayo - 2025 Research &amp; Professional Development Conference","robots":{"index":"index","follow":"follow","max-snippet":"max-snippet:-1","max-image-preview":"max-image-preview:large","max-video-preview":"max-video-preview:-1"},"canonical":"https:\/\/sites.edgehill.ac.uk\/rpdc\/dr-alicia-blanco-bayo\/","og_locale":"en_US","og_type":"article","og_title":"Dr Alicia Blanco-Bayo - 2025 Research &amp; Professional Development Conference","og_description":"Edge Hill University &#8220;Can you really love your neighbour?\u201d A Theoretical exploration of the silenced concept of &#8216;academic love&#8217; in Higher Education institutions In a landscape increasingly dominated by neoliberal ideologies, where productivity, individual achievement, and institutional rankings often take precedence, compassion and empathy are at risk of being side lined (Hokka, 2023). These pressures [&hellip;]","og_url":"https:\/\/sites.edgehill.ac.uk\/rpdc\/dr-alicia-blanco-bayo\/","og_site_name":"2025 Research &amp; Professional Development Conference","article_modified_time":"2025-07-11T13:13:22+00:00","twitter_card":"summary_large_image","twitter_misc":{"Est. reading time":"2 minutes"},"schema":{"@context":"https:\/\/schema.org","@graph":[{"@type":"WebPage","@id":"https:\/\/sites.edgehill.ac.uk\/rpdc\/dr-alicia-blanco-bayo\/","url":"https:\/\/sites.edgehill.ac.uk\/rpdc\/dr-alicia-blanco-bayo\/","name":"Dr Alicia Blanco-Bayo - 2025 Research &amp; Professional Development Conference","isPartOf":{"@id":"https:\/\/sites.edgehill.ac.uk\/rpdc\/#website"},"datePublished":"2025-06-23T13:56:26+00:00","dateModified":"2025-07-11T13:13:22+00:00","breadcrumb":{"@id":"https:\/\/sites.edgehill.ac.uk\/rpdc\/dr-alicia-blanco-bayo\/#breadcrumb"},"inLanguage":"en-US","potentialAction":[{"@type":"ReadAction","target":["https:\/\/sites.edgehill.ac.uk\/rpdc\/dr-alicia-blanco-bayo\/"]}]},{"@type":"BreadcrumbList","@id":"https:\/\/sites.edgehill.ac.uk\/rpdc\/dr-alicia-blanco-bayo\/#breadcrumb","itemListElement":[{"@type":"ListItem","position":1,"name":"Home","item":"https:\/\/sites.edgehill.ac.uk\/rpdc\/"},{"@type":"ListItem","position":2,"name":"Dr Alicia Blanco-Bayo"}]},{"@type":"WebSite","@id":"https:\/\/sites.edgehill.ac.uk\/rpdc\/#website","url":"https:\/\/sites.edgehill.ac.uk\/rpdc\/","name":"2025 Research &amp; Professional Development Conference","description":"","potentialAction":[{"@type":"SearchAction","target":{"@type":"EntryPoint","urlTemplate":"https:\/\/sites.edgehill.ac.uk\/rpdc\/?s={search_term_string}"},"query-input":{"@type":"PropertyValueSpecification","valueRequired":true,"valueName":"search_term_string"}}],"inLanguage":"en-US"}]}},"_links":{"self":[{"href":"https:\/\/sites.edgehill.ac.uk\/rpdc\/wp-json\/wp\/v2\/pages\/313","targetHints":{"allow":["GET"]}}],"collection":[{"href":"https:\/\/sites.edgehill.ac.uk\/rpdc\/wp-json\/wp\/v2\/pages"}],"about":[{"href":"https:\/\/sites.edgehill.ac.uk\/rpdc\/wp-json\/wp\/v2\/types\/page"}],"author":[{"embeddable":true,"href":"https:\/\/sites.edgehill.ac.uk\/rpdc\/wp-json\/wp\/v2\/users\/2462"}],"replies":[{"embeddable":true,"href":"https:\/\/sites.edgehill.ac.uk\/rpdc\/wp-json\/wp\/v2\/comments?post=313"}],"version-history":[{"count":0,"href":"https:\/\/sites.edgehill.ac.uk\/rpdc\/wp-json\/wp\/v2\/pages\/313\/revisions"}],"wp:attachment":[{"href":"https:\/\/sites.edgehill.ac.uk\/rpdc\/wp-json\/wp\/v2\/media?parent=313"}],"curies":[{"name":"wp","href":"https:\/\/api.w.org\/{rel}","templated":true}]}}