{"id":381,"date":"2025-06-26T13:43:19","date_gmt":"2025-06-26T13:43:19","guid":{"rendered":"https:\/\/sites.edgehill.ac.uk\/rpdc\/?page_id=381"},"modified":"2025-07-11T12:50:37","modified_gmt":"2025-07-11T12:50:37","slug":"barnaby-sargent-megicks","status":"publish","type":"page","link":"https:\/\/sites.edgehill.ac.uk\/rpdc\/barnaby-sargent-megicks\/","title":{"rendered":"Dr Barnaby Sargent Megicks"},"content":{"rendered":"\n<p>Edge Hill University<\/p>\n\n\n\n<p>Organised sport plays a vital role in positive youth development, influencing the social, emotional and educational development of young people (C\u00f4t\u00e9 and Hancock, 2016). Youth development contexts (e.g., school, sport, family) in interaction with various active agents (teachers, coaches, parents) can be viewed as one whole interactive system (Holt et al., 2017). To be optimal, it is necessary to strive towards coherence of the system. Coherence enables \u2018transfer\u2019, the conversion of sport-based outcomes to adjacent contexts (Pierce et al., 2017). It is therefore valuable to explore the culture and developmental impact of system components.<\/p>\n\n\n\n<p> A 10-week ethnography was conducted in one, free of charge, city-based, professional cricket academy, focused on male players aged 14-18. Data included observations of the sporting environment, interviews and focus groups with the players (n = 17), parents (n = 9) and coaches (n = 6). <\/p>\n\n\n\n<p>Template thematic analysis was conducted. The environment was characterised as having a clear collective identity and defined purpose, fostering belonging, positive peer relations and support, trusting relationships, a mastery approach, appropriate role models and non-sport opportunities (e.g., travel). Players discussed developing a range of outcomes that they drew upon to aid them in other parts of their lives (e.g., home and school) including confidence, communication, ownership, and cooperation. The explicit support of developmental transfer by coaches to other contexts was minimal. <\/p>\n\n\n\n<p>Awareness of this component of youth development by key agents in other contexts may bolster transfer, with implications for the prosocial character, resilience and educational attainment of young people.<\/p>\n\n\n\n<p>C\u00f4t\u00e9, J. and Hancock, D.J., 2016. Evidence-based policies for youth sport programmes. International Journal of Sport Policy and Politics, 8(1), pp. 51-65.<\/p>\n\n\n\n<p>Holt, N.L., Neely, K.C., Slater, L.G., Camir\u00e9, M., C\u00f4t\u00e9, J., Fraser-Thomas, J., MacDonald, D., Strachan, L. and Tamminen, K.A., 2017. A grounded theory of positive youth development through sport based on results from a qualitative meta-study. International Review of Sport and Exercise Psychology, 10(1), pp. 1-49.<\/p>\n\n\n\n<p>Pierce, S., Gould, D. and Camir\u00e9, M., 2017. Definition and model of life skills transfer, International Review of Sport and Exercise Psychology, 10(1), pp. 186\u2013211.<\/p>\n\n\n\n<figure class=\"wp-block-embed is-type-wp-embed is-provider-2025-research-amp-professional-development-conference wp-block-embed-2025-research-amp-professional-development-conference\"><div class=\"wp-block-embed__wrapper\">\n<blockquote class=\"wp-embedded-content\" data-secret=\"qTtFOWFKgc\"><a href=\"https:\/\/sites.edgehill.ac.uk\/rpdc\/parallel-sessions-4\/\">Parallel sessions 4 Thursday 2pm<\/a><\/blockquote><iframe loading=\"lazy\" class=\"wp-embedded-content\" sandbox=\"allow-scripts\" security=\"restricted\" style=\"position: absolute; visibility: hidden;\" title=\"&#8220;Parallel sessions 4 Thursday 2pm&#8221; &#8212; 2025 Research &amp; Professional Development Conference\" src=\"https:\/\/sites.edgehill.ac.uk\/rpdc\/parallel-sessions-4\/embed\/#?secret=AQc8S5HuSH#?secret=qTtFOWFKgc\" data-secret=\"qTtFOWFKgc\" width=\"500\" height=\"282\" frameborder=\"0\" marginwidth=\"0\" marginheight=\"0\" scrolling=\"no\"><\/iframe>\n<\/div><\/figure>\n","protected":false},"excerpt":{"rendered":"<p>Edge Hill University Organised sport plays a vital role in positive youth development, influencing the social, emotional and educational development of young people (C\u00f4t\u00e9 and Hancock, 2016). Youth development contexts (e.g., school, sport, family) in interaction with various active agents (teachers, coaches, parents) can be viewed as one whole interactive system (Holt et al., 2017). [&hellip;]<\/p>\n","protected":false},"author":2462,"featured_media":0,"parent":0,"menu_order":0,"comment_status":"closed","ping_status":"closed","template":"","meta":{"footnotes":""},"class_list":["post-381","page","type-page","status-publish","hentry"],"acf":[],"yoast_head":"<!-- This site is optimized with the Yoast SEO plugin v23.5 - https:\/\/yoast.com\/wordpress\/plugins\/seo\/ -->\n<title>Dr Barnaby Sargent Megicks - 2025 Research &amp; Professional Development Conference<\/title>\n<meta name=\"robots\" content=\"index, follow, max-snippet:-1, max-image-preview:large, max-video-preview:-1\" \/>\n<link rel=\"canonical\" href=\"https:\/\/sites.edgehill.ac.uk\/rpdc\/barnaby-sargent-megicks\/\" \/>\n<meta property=\"og:locale\" content=\"en_US\" \/>\n<meta property=\"og:type\" content=\"article\" \/>\n<meta property=\"og:title\" content=\"Dr Barnaby Sargent Megicks - 2025 Research &amp; Professional Development Conference\" \/>\n<meta property=\"og:description\" content=\"Edge Hill University Organised sport plays a vital role in positive youth development, influencing the social, emotional and educational development of young people (C\u00f4t\u00e9 and Hancock, 2016). Youth development contexts (e.g., school, sport, family) in interaction with various active agents (teachers, coaches, parents) can be viewed as one whole interactive system (Holt et al., 2017). [&hellip;]\" \/>\n<meta property=\"og:url\" content=\"https:\/\/sites.edgehill.ac.uk\/rpdc\/barnaby-sargent-megicks\/\" \/>\n<meta property=\"og:site_name\" content=\"2025 Research &amp; Professional Development Conference\" \/>\n<meta property=\"article:modified_time\" content=\"2025-07-11T12:50:37+00:00\" \/>\n<meta name=\"twitter:card\" content=\"summary_large_image\" \/>\n<meta name=\"twitter:label1\" content=\"Est. reading time\" \/>\n\t<meta name=\"twitter:data1\" content=\"2 minutes\" \/>\n<script type=\"application\/ld+json\" class=\"yoast-schema-graph\">{\"@context\":\"https:\/\/schema.org\",\"@graph\":[{\"@type\":\"WebPage\",\"@id\":\"https:\/\/sites.edgehill.ac.uk\/rpdc\/barnaby-sargent-megicks\/\",\"url\":\"https:\/\/sites.edgehill.ac.uk\/rpdc\/barnaby-sargent-megicks\/\",\"name\":\"Dr Barnaby Sargent Megicks - 2025 Research &amp; Professional Development Conference\",\"isPartOf\":{\"@id\":\"https:\/\/sites.edgehill.ac.uk\/rpdc\/#website\"},\"datePublished\":\"2025-06-26T13:43:19+00:00\",\"dateModified\":\"2025-07-11T12:50:37+00:00\",\"breadcrumb\":{\"@id\":\"https:\/\/sites.edgehill.ac.uk\/rpdc\/barnaby-sargent-megicks\/#breadcrumb\"},\"inLanguage\":\"en-US\",\"potentialAction\":[{\"@type\":\"ReadAction\",\"target\":[\"https:\/\/sites.edgehill.ac.uk\/rpdc\/barnaby-sargent-megicks\/\"]}]},{\"@type\":\"BreadcrumbList\",\"@id\":\"https:\/\/sites.edgehill.ac.uk\/rpdc\/barnaby-sargent-megicks\/#breadcrumb\",\"itemListElement\":[{\"@type\":\"ListItem\",\"position\":1,\"name\":\"Home\",\"item\":\"https:\/\/sites.edgehill.ac.uk\/rpdc\/\"},{\"@type\":\"ListItem\",\"position\":2,\"name\":\"Dr Barnaby Sargent Megicks\"}]},{\"@type\":\"WebSite\",\"@id\":\"https:\/\/sites.edgehill.ac.uk\/rpdc\/#website\",\"url\":\"https:\/\/sites.edgehill.ac.uk\/rpdc\/\",\"name\":\"2025 Research &amp; Professional Development Conference\",\"description\":\"\",\"potentialAction\":[{\"@type\":\"SearchAction\",\"target\":{\"@type\":\"EntryPoint\",\"urlTemplate\":\"https:\/\/sites.edgehill.ac.uk\/rpdc\/?s={search_term_string}\"},\"query-input\":{\"@type\":\"PropertyValueSpecification\",\"valueRequired\":true,\"valueName\":\"search_term_string\"}}],\"inLanguage\":\"en-US\"}]}<\/script>\n<!-- \/ Yoast SEO plugin. -->","yoast_head_json":{"title":"Dr Barnaby Sargent Megicks - 2025 Research &amp; Professional Development Conference","robots":{"index":"index","follow":"follow","max-snippet":"max-snippet:-1","max-image-preview":"max-image-preview:large","max-video-preview":"max-video-preview:-1"},"canonical":"https:\/\/sites.edgehill.ac.uk\/rpdc\/barnaby-sargent-megicks\/","og_locale":"en_US","og_type":"article","og_title":"Dr Barnaby Sargent Megicks - 2025 Research &amp; Professional Development Conference","og_description":"Edge Hill University Organised sport plays a vital role in positive youth development, influencing the social, emotional and educational development of young people (C\u00f4t\u00e9 and Hancock, 2016). Youth development contexts (e.g., school, sport, family) in interaction with various active agents (teachers, coaches, parents) can be viewed as one whole interactive system (Holt et al., 2017). [&hellip;]","og_url":"https:\/\/sites.edgehill.ac.uk\/rpdc\/barnaby-sargent-megicks\/","og_site_name":"2025 Research &amp; Professional Development Conference","article_modified_time":"2025-07-11T12:50:37+00:00","twitter_card":"summary_large_image","twitter_misc":{"Est. reading time":"2 minutes"},"schema":{"@context":"https:\/\/schema.org","@graph":[{"@type":"WebPage","@id":"https:\/\/sites.edgehill.ac.uk\/rpdc\/barnaby-sargent-megicks\/","url":"https:\/\/sites.edgehill.ac.uk\/rpdc\/barnaby-sargent-megicks\/","name":"Dr Barnaby Sargent Megicks - 2025 Research &amp; Professional Development Conference","isPartOf":{"@id":"https:\/\/sites.edgehill.ac.uk\/rpdc\/#website"},"datePublished":"2025-06-26T13:43:19+00:00","dateModified":"2025-07-11T12:50:37+00:00","breadcrumb":{"@id":"https:\/\/sites.edgehill.ac.uk\/rpdc\/barnaby-sargent-megicks\/#breadcrumb"},"inLanguage":"en-US","potentialAction":[{"@type":"ReadAction","target":["https:\/\/sites.edgehill.ac.uk\/rpdc\/barnaby-sargent-megicks\/"]}]},{"@type":"BreadcrumbList","@id":"https:\/\/sites.edgehill.ac.uk\/rpdc\/barnaby-sargent-megicks\/#breadcrumb","itemListElement":[{"@type":"ListItem","position":1,"name":"Home","item":"https:\/\/sites.edgehill.ac.uk\/rpdc\/"},{"@type":"ListItem","position":2,"name":"Dr Barnaby Sargent Megicks"}]},{"@type":"WebSite","@id":"https:\/\/sites.edgehill.ac.uk\/rpdc\/#website","url":"https:\/\/sites.edgehill.ac.uk\/rpdc\/","name":"2025 Research &amp; Professional Development Conference","description":"","potentialAction":[{"@type":"SearchAction","target":{"@type":"EntryPoint","urlTemplate":"https:\/\/sites.edgehill.ac.uk\/rpdc\/?s={search_term_string}"},"query-input":{"@type":"PropertyValueSpecification","valueRequired":true,"valueName":"search_term_string"}}],"inLanguage":"en-US"}]}},"_links":{"self":[{"href":"https:\/\/sites.edgehill.ac.uk\/rpdc\/wp-json\/wp\/v2\/pages\/381","targetHints":{"allow":["GET"]}}],"collection":[{"href":"https:\/\/sites.edgehill.ac.uk\/rpdc\/wp-json\/wp\/v2\/pages"}],"about":[{"href":"https:\/\/sites.edgehill.ac.uk\/rpdc\/wp-json\/wp\/v2\/types\/page"}],"author":[{"embeddable":true,"href":"https:\/\/sites.edgehill.ac.uk\/rpdc\/wp-json\/wp\/v2\/users\/2462"}],"replies":[{"embeddable":true,"href":"https:\/\/sites.edgehill.ac.uk\/rpdc\/wp-json\/wp\/v2\/comments?post=381"}],"version-history":[{"count":0,"href":"https:\/\/sites.edgehill.ac.uk\/rpdc\/wp-json\/wp\/v2\/pages\/381\/revisions"}],"wp:attachment":[{"href":"https:\/\/sites.edgehill.ac.uk\/rpdc\/wp-json\/wp\/v2\/media?parent=381"}],"curies":[{"name":"wp","href":"https:\/\/api.w.org\/{rel}","templated":true}]}}