{"id":1250,"date":"2023-05-22T11:27:27","date_gmt":"2023-05-22T10:27:27","guid":{"rendered":"https:\/\/sites.edgehill.ac.uk\/tvresearchgroup\/?page_id=1250"},"modified":"2025-06-30T14:49:07","modified_gmt":"2025-06-30T13:49:07","slug":"programme-of-the-cst-conference-2023","status":"publish","type":"page","link":"https:\/\/sites.edgehill.ac.uk\/tvresearchgroup\/programme-of-the-cst-conference-2023\/","title":{"rendered":"Critical Studies in Television Conference Programme"},"content":{"rendered":"\n<h4 class=\"wp-block-heading has-text-align-center\"><strong>Programme overview<\/strong><\/h4>\n\n\n\n<figure class=\"wp-block-table is-style-stripes\"><table><tbody><tr><td class=\"has-text-align-center\" data-align=\"center\"><a href=\"https:\/\/sites.edgehill.ac.uk\/tvresearchgroup\/critical-studies-in-television-conference-2025\/\">Home<\/a><\/td><td class=\"has-text-align-center\" data-align=\"center\"><a href=\"https:\/\/sites.edgehill.ac.uk\/tvresearchgroup\/programme-of-the-cst-conference-2023\/\">Programme<\/a><\/td><td class=\"has-text-align-center\" data-align=\"center\"><a href=\"https:\/\/store.edgehill.ac.uk\/conferences-and-events\/conferences\/conferences\/critical-studies-in-television-conference-2025?token=b6eeeb891439c58fd677d555cc696ecb\">Registration<\/a><\/td><td class=\"has-text-align-center\" data-align=\"center\"><a href=\"https:\/\/sites.edgehill.ac.uk\/tvresearchgroup\/contact-for-critical-studies-in-television-conference-2023\/\">Contact<\/a><\/td><\/tr><\/tbody><\/table><\/figure>\n\n\n\n<h5 class=\"wp-block-heading\">Programme Overview<\/h5>\n\n\n\n<p>The full programme can be accessed here: <a href=\"https:\/\/www.canva.com\/design\/DAGq4e3WgIk\/5mk8vqrD2N-tsKdJt8Pv2Q\/view?utm_content=DAGq4e3WgIk&amp;utm_campaign=designshare&amp;utm_medium=link2&amp;utm_source=uniquelinks&amp;utlId=hdb6982226d\">Full Programme of the CST Conference<\/a><\/p>\n\n\n\n<figure class=\"wp-block-table\"><table class=\"has-fixed-layout\"><tbody><tr><td colspan=\"2\"><strong>Day 1: 8 July<\/strong><\/td><td colspan=\"2\"><strong>Day 2: 9 July<\/strong><\/td><td colspan=\"2\"><strong>Day 3: 10 July<\/strong><\/td><\/tr><tr><td colspan=\"2\">10.30-11.30 registration<\/td><td>9.30-11.00 Parallel sessions <br><strong>Panel 3a: Changing Labour in the Television Industry<\/strong> Su Holmes and Claire Hines, Wendy Peters, Christa van Raalte and Richard Wallis &nbsp; &nbsp;<\/td><td><strong>Panel 3b: Television as an Experience of Multi-Mediality<\/strong> Dr. Nermeen Ibrahim, Dr Julie Escurignan, Hunter Hargraves &nbsp; &nbsp;<\/td><td>9.30-11.00 Parallel session <br><strong>Panel 7a: Culture and Place in Television<\/strong> Urun Yildiran Onk, Robert Watts<br>Ocean Xu<\/td><td><strong>Panel 7b: Engaging the Public \u2013 as Television and as Academics<\/strong> Melissa Beattie, Joseph Oldham, Taichi Masu and Yasuhito Abe<\/td><\/tr><tr><td colspan=\"2\">11.30-12.30 Keynote: Catherine Johnson<\/td><td>11.15-12.45 Parallel sessions <br><strong>Panel 4a: Television History and the Problem of the Archive<\/strong> Professor James Walters, Ipsita Sahu,<br>Dr Victoria Lowe &nbsp;<\/td><td><strong>Panel 4b: Post-2016 Serial Television\u2019s \u2018You too?\u2019: Snapping, Solidarity and Satire When Women Come Together<\/strong> Catherine Fowler, Alison Winch, J\u00falia Havas &nbsp;<\/td><td>11.15-12.45 Parallel session <br><strong>Panel 8a: Feminist Perspectives on Television<\/strong> Dr Deborah Jermyn, Hannah Hamad, <br><br><\/td><td><strong>Panel 8b:<\/strong><br><strong>Televisual Address in Changing Times<\/strong><br>Mar\u00eda Piqueras-P\u00e9rez, Corpus Naval\u00f3n-Guzm\u00e1n,<br>Craig Haslop &nbsp; &nbsp;<\/td><\/tr><tr><td colspan=\"2\">12.30-13.30 Lunch<\/td><td colspan=\"2\">12.45-13.30 lunch<\/td><td colspan=\"2\">12.45-13.30 lunch<\/td><\/tr><tr><td>13.30-15.00 Parallel sessions <br><strong>Panel 1a: Refocusing TV Studies away from notions of \u2018Quality Drama\u2019<\/strong> Lothar Mikos, Michael Wayne, Anna Rufer B\u00edl\u00e1<\/td><td><strong>Panel 1b: Television, Politics and Crisis<\/strong> Julia Himberg, Lynne Joyrich &nbsp;<\/td><td colspan=\"2\">13.30-14.30 <strong>Roundtable: Critical Studies in Television within TV Studies<\/strong><\/td><td colspan=\"2\">13.30-14.30 <strong>Closing session<\/strong><\/td><\/tr><tr><td colspan=\"2\">15.00-15.30 coffee<\/td><td>14.30-16.00 Parallel session <br><strong>Panel 5a: Adaptation Studies and Television in the Streaming Era<\/strong> Dr Christina Wilkins,<br>Dr James C. Taylor, Associate Professor Liam Burke,<\/td><td><strong>Panel 5b: Transformations and Continuations in the Age of Digital TV and Platformisation<\/strong> Lachlan Salt, Ellenrose Firth, Alberto Marinelli, Dr Tom Hemingway<br><br>&nbsp;<\/td><td>&nbsp;<\/td><td>&nbsp;<\/td><\/tr><tr><td>15.30-17.00 Parallel Sessions <br><strong>Panel 2a: Televisual Politics in Times of Crises<\/strong> Luc\u00eda Celdr\u00e1n Noguera, Sofie Vermoesen, David Levente Palatinus \u00a0<\/td><td><strong>Panel 2b: Mad Viewing: Meaning and Genre<\/strong> The Mad Feeling Collective:<br>Dr Veronica Heney<br>Dr Kelechi Anucha<br>Dr Francesca Lewis<br>Dr Arya Thampuran<br>Cathrin Fischer<br>Dr Sarah Lahm &nbsp;<\/td><td colspan=\"2\">16.00-16.30 coffee<\/td><td>&nbsp;<\/td><td>&nbsp;<\/td><\/tr><tr><td>&nbsp;<\/td><td>&nbsp;<\/td><td>16.30-18.00 Parallel session <br><strong>Panel 6a: Television and Audiences through Time<\/strong> Dr. Anna Podara, Erasmia Tsipou, Ioanna Vovou, Maud Ceuterick &nbsp;<\/td><td><strong>Panel 6b: Seriality and Television in Flux<\/strong> Kim-Carina Hebben, Denis Newiak, Jana Z\u00fcndel, Fraser Robinson, Lior Perelsztejn &nbsp;<\/td><td>&nbsp;<\/td><td>&nbsp;<\/td><\/tr><\/tbody><\/table><\/figure>\n\n\n\n<p><\/p>\n","protected":false},"excerpt":{"rendered":"<p>Programme overview Home Programme Registration Contact Programme Overview The full programme can be accessed here: Full Programme of the CST Conference Day 1: 8 July Day 2: 9 July Day 3: 10 July 10.30-11.30 registration 9.30-11.00 Parallel sessions Panel 3a: Changing Labour in the Television Industry Su Holmes and Claire Hines, Wendy Peters, Christa van [&hellip;]<\/p>\n","protected":false},"author":937,"featured_media":0,"parent":0,"menu_order":0,"comment_status":"closed","ping_status":"closed","template":"","meta":{"footnotes":""},"class_list":["post-1250","page","type-page","status-publish","hentry"],"acf":[],"yoast_head":"<!-- This site is optimized with the Yoast SEO plugin v23.5 - https:\/\/yoast.com\/wordpress\/plugins\/seo\/ -->\n<title>Critical Studies in Television Conference Programme - Television Studies Research Group %<\/title>\n<meta name=\"description\" content=\"Overview of programme for the Critical Studies in Television Conference 2023. A detailed programme will be covered soon.\" \/>\n<meta name=\"robots\" content=\"index, follow, max-snippet:-1, max-image-preview:large, max-video-preview:-1\" \/>\n<link rel=\"canonical\" href=\"https:\/\/sites.edgehill.ac.uk\/tvresearchgroup\/programme-of-the-cst-conference-2023\/\" \/>\n<meta property=\"og:locale\" content=\"en_GB\" \/>\n<meta property=\"og:type\" content=\"article\" \/>\n<meta property=\"og:title\" content=\"Critical Studies in Television Conference Programme - Television Studies Research Group %\" \/>\n<meta property=\"og:description\" content=\"Overview of programme for the Critical Studies in Television Conference 2023. A detailed programme will be covered soon.\" \/>\n<meta property=\"og:url\" content=\"https:\/\/sites.edgehill.ac.uk\/tvresearchgroup\/programme-of-the-cst-conference-2023\/\" \/>\n<meta property=\"og:site_name\" content=\"Television Studies Research Group\" \/>\n<meta property=\"article:modified_time\" content=\"2025-06-30T13:49:07+00:00\" \/>\n<meta name=\"twitter:card\" content=\"summary_large_image\" \/>\n<meta name=\"twitter:label1\" content=\"Est. reading time\" \/>\n\t<meta name=\"twitter:data1\" content=\"2 minutes\" \/>\n<script type=\"application\/ld+json\" class=\"yoast-schema-graph\">{\"@context\":\"https:\/\/schema.org\",\"@graph\":[{\"@type\":\"WebPage\",\"@id\":\"https:\/\/sites.edgehill.ac.uk\/tvresearchgroup\/programme-of-the-cst-conference-2023\/\",\"url\":\"https:\/\/sites.edgehill.ac.uk\/tvresearchgroup\/programme-of-the-cst-conference-2023\/\",\"name\":\"Critical Studies in Television Conference Programme - Television Studies Research Group %\",\"isPartOf\":{\"@id\":\"https:\/\/sites.edgehill.ac.uk\/tvresearchgroup\/#website\"},\"datePublished\":\"2023-05-22T10:27:27+00:00\",\"dateModified\":\"2025-06-30T13:49:07+00:00\",\"description\":\"Overview of programme for the Critical Studies in Television Conference 2023. A detailed programme will be covered soon.\",\"breadcrumb\":{\"@id\":\"https:\/\/sites.edgehill.ac.uk\/tvresearchgroup\/programme-of-the-cst-conference-2023\/#breadcrumb\"},\"inLanguage\":\"en-GB\",\"potentialAction\":[{\"@type\":\"ReadAction\",\"target\":[\"https:\/\/sites.edgehill.ac.uk\/tvresearchgroup\/programme-of-the-cst-conference-2023\/\"]}]},{\"@type\":\"BreadcrumbList\",\"@id\":\"https:\/\/sites.edgehill.ac.uk\/tvresearchgroup\/programme-of-the-cst-conference-2023\/#breadcrumb\",\"itemListElement\":[{\"@type\":\"ListItem\",\"position\":1,\"name\":\"Home\",\"item\":\"https:\/\/sites.edgehill.ac.uk\/tvresearchgroup\/\"},{\"@type\":\"ListItem\",\"position\":2,\"name\":\"Critical Studies in Television Conference Programme\"}]},{\"@type\":\"WebSite\",\"@id\":\"https:\/\/sites.edgehill.ac.uk\/tvresearchgroup\/#website\",\"url\":\"https:\/\/sites.edgehill.ac.uk\/tvresearchgroup\/\",\"name\":\"Television Studies Research Group\",\"description\":\"\",\"potentialAction\":[{\"@type\":\"SearchAction\",\"target\":{\"@type\":\"EntryPoint\",\"urlTemplate\":\"https:\/\/sites.edgehill.ac.uk\/tvresearchgroup\/?s={search_term_string}\"},\"query-input\":{\"@type\":\"PropertyValueSpecification\",\"valueRequired\":true,\"valueName\":\"search_term_string\"}}],\"inLanguage\":\"en-GB\"}]}<\/script>\n<!-- \/ Yoast SEO plugin. -->","yoast_head_json":{"title":"Critical Studies in Television Conference Programme - Television Studies Research Group %","description":"Overview of programme for the Critical Studies in Television Conference 2023. A detailed programme will be covered soon.","robots":{"index":"index","follow":"follow","max-snippet":"max-snippet:-1","max-image-preview":"max-image-preview:large","max-video-preview":"max-video-preview:-1"},"canonical":"https:\/\/sites.edgehill.ac.uk\/tvresearchgroup\/programme-of-the-cst-conference-2023\/","og_locale":"en_GB","og_type":"article","og_title":"Critical Studies in Television Conference Programme - Television Studies Research Group %","og_description":"Overview of programme for the Critical Studies in Television Conference 2023. A detailed programme will be covered soon.","og_url":"https:\/\/sites.edgehill.ac.uk\/tvresearchgroup\/programme-of-the-cst-conference-2023\/","og_site_name":"Television Studies Research Group","article_modified_time":"2025-06-30T13:49:07+00:00","twitter_card":"summary_large_image","twitter_misc":{"Est. reading time":"2 minutes"},"schema":{"@context":"https:\/\/schema.org","@graph":[{"@type":"WebPage","@id":"https:\/\/sites.edgehill.ac.uk\/tvresearchgroup\/programme-of-the-cst-conference-2023\/","url":"https:\/\/sites.edgehill.ac.uk\/tvresearchgroup\/programme-of-the-cst-conference-2023\/","name":"Critical Studies in Television Conference Programme - Television Studies Research Group %","isPartOf":{"@id":"https:\/\/sites.edgehill.ac.uk\/tvresearchgroup\/#website"},"datePublished":"2023-05-22T10:27:27+00:00","dateModified":"2025-06-30T13:49:07+00:00","description":"Overview of programme for the Critical Studies in Television Conference 2023. A detailed programme will be covered soon.","breadcrumb":{"@id":"https:\/\/sites.edgehill.ac.uk\/tvresearchgroup\/programme-of-the-cst-conference-2023\/#breadcrumb"},"inLanguage":"en-GB","potentialAction":[{"@type":"ReadAction","target":["https:\/\/sites.edgehill.ac.uk\/tvresearchgroup\/programme-of-the-cst-conference-2023\/"]}]},{"@type":"BreadcrumbList","@id":"https:\/\/sites.edgehill.ac.uk\/tvresearchgroup\/programme-of-the-cst-conference-2023\/#breadcrumb","itemListElement":[{"@type":"ListItem","position":1,"name":"Home","item":"https:\/\/sites.edgehill.ac.uk\/tvresearchgroup\/"},{"@type":"ListItem","position":2,"name":"Critical Studies in Television Conference Programme"}]},{"@type":"WebSite","@id":"https:\/\/sites.edgehill.ac.uk\/tvresearchgroup\/#website","url":"https:\/\/sites.edgehill.ac.uk\/tvresearchgroup\/","name":"Television Studies Research Group","description":"","potentialAction":[{"@type":"SearchAction","target":{"@type":"EntryPoint","urlTemplate":"https:\/\/sites.edgehill.ac.uk\/tvresearchgroup\/?s={search_term_string}"},"query-input":{"@type":"PropertyValueSpecification","valueRequired":true,"valueName":"search_term_string"}}],"inLanguage":"en-GB"}]}},"_links":{"self":[{"href":"https:\/\/sites.edgehill.ac.uk\/tvresearchgroup\/wp-json\/wp\/v2\/pages\/1250","targetHints":{"allow":["GET"]}}],"collection":[{"href":"https:\/\/sites.edgehill.ac.uk\/tvresearchgroup\/wp-json\/wp\/v2\/pages"}],"about":[{"href":"https:\/\/sites.edgehill.ac.uk\/tvresearchgroup\/wp-json\/wp\/v2\/types\/page"}],"author":[{"embeddable":true,"href":"https:\/\/sites.edgehill.ac.uk\/tvresearchgroup\/wp-json\/wp\/v2\/users\/937"}],"replies":[{"embeddable":true,"href":"https:\/\/sites.edgehill.ac.uk\/tvresearchgroup\/wp-json\/wp\/v2\/comments?post=1250"}],"version-history":[{"count":0,"href":"https:\/\/sites.edgehill.ac.uk\/tvresearchgroup\/wp-json\/wp\/v2\/pages\/1250\/revisions"}],"wp:attachment":[{"href":"https:\/\/sites.edgehill.ac.uk\/tvresearchgroup\/wp-json\/wp\/v2\/media?parent=1250"}],"curies":[{"name":"wp","href":"https:\/\/api.w.org\/{rel}","templated":true}]}}