
{"id":1295,"date":"2023-12-06T06:46:51","date_gmt":"2023-12-06T06:46:51","guid":{"rendered":"https:\/\/sites.edgehill.ac.uk\/tvresearchgroup\/?page_id=1295"},"modified":"2024-05-09T11:21:31","modified_gmt":"2024-05-09T10:21:31","slug":"critical-studies-in-television-slow-conference-2024","status":"publish","type":"page","link":"https:\/\/sites.edgehill.ac.uk\/tvresearchgroup\/critical-studies-in-television-slow-conference-2024\/","title":{"rendered":"Critical Studies in Television Slow Conference 2024"},"content":{"rendered":"\n<figure class=\"wp-block-table is-style-stripes\"><table><tbody><tr><td class=\"has-text-align-center\" data-align=\"center\"><a href=\"https:\/\/sites.edgehill.ac.uk\/tvresearchgroup\/critical-studies-in-television-slow-conference-2024\/\">Home<\/a><\/td><td class=\"has-text-align-center\" data-align=\"center\"><a href=\"https:\/\/sites.edgehill.ac.uk\/tvresearchgroup\/programme-of-the-cst-conference-2023\/\">Programme<\/a><\/td><td class=\"has-text-align-center\" data-align=\"center\"><a href=\"https:\/\/store.edgehill.ac.uk\/conferences-and-events\/conferences\/conferences\/critical-studies-in-television-conference-2024\">Registration<\/a><\/td><td class=\"has-text-align-center\" data-align=\"center\"><a href=\"https:\/\/sites.edgehill.ac.uk\/tvresearchgroup\/contact-for-critical-studies-in-television-conference-2023\/\">Contact<\/a><\/td><\/tr><\/tbody><\/table><\/figure>\n\n\n\n<h3 class=\"wp-block-heading has-text-align-center\">24 June-5 July 2024 (online)<\/h3>\n\n\n\n<h4 class=\"wp-block-heading has-text-align-center\">Television and Sustainability<\/h4>\n\n\n\n<div class=\"wp-block-media-text is-stacked-on-mobile\" style=\"grid-template-columns:36% auto\"><figure class=\"wp-block-media-text__media\"><img loading=\"lazy\" decoding=\"async\" width=\"177\" height=\"123\" src=\"https:\/\/sites.edgehill.ac.uk\/tvresearchgroup\/wp-content\/uploads\/sites\/313\/2023\/12\/CST-Banner-2.jpg\" alt=\"\" class=\"wp-image-1305 size-full\" \/><\/figure><div class=\"wp-block-media-text__content\">\n<p>In 2015, the UN proposed <a href=\"https:\/\/sdgs.un.org\/goals#history\">17 Sustainable Development Goals<\/a> that are meant to guide humankind towards a more equitable future on a liveable planet. They address questions of health, society, culture and the distribution of resources while also being aware of the urgency to address climate change. As a key communicator of human aspiration, as a tool to educate and inform, but also as an industry fraught with inequality and often accused to pandering to \u2018valuable\u2019 taste communities i.e. those of economic and other advantage, television emerges as a key site where our ability to respond to those aspirations can be assessed. How does television respond to the climate crisis? How does it aim to reduce poverty and inequalities by, for example, addressing local working conditions, offering traineeships to disadvantaged groups or address issues of outsourcing ethically? What steps does the industry take to reduce its carbon (and other polluting) footprint? How does it promote peace?<\/p>\n<\/div><\/div>\n\n\n\n<p>These and many other questions relating to television and the Sustainable Development Goals will be at the centre of the slow conference, which will be spread out over two weeks. The conference will take place online with only a limited number of panels on each day to allow delegates from across the globe to catch up and take part.<\/p>\n\n\n\n<p><\/p>\n\n\n\n<h2 class=\"wp-block-heading\">Our Keynote<\/h2>\n\n\n\n<h5 class=\"wp-block-heading\"><a href=\"https:\/\/pure.au.dk\/portal\/en\/persons\/amwaade%40cc.au.dk\">Anne Marit Waade, Aarhus University, Denmark<\/a><\/h5>\n\n\n\n<h5 class=\"wp-block-heading\">What has television to do with climate? Green screens and green shooting<\/h5>\n\n\n\n<div class=\"wp-block-media-text is-stacked-on-mobile\" style=\"grid-template-columns:26% auto\"><figure class=\"wp-block-media-text__media\"><img loading=\"lazy\" decoding=\"async\" width=\"454\" height=\"455\" src=\"https:\/\/sites.edgehill.ac.uk\/tvresearchgroup\/wp-content\/uploads\/sites\/313\/2024\/05\/Anne-Marit.jpg\" alt=\"\" class=\"wp-image-1371 size-full\" srcset=\"https:\/\/sites.edgehill.ac.uk\/tvresearchgroup\/wp-content\/uploads\/sites\/313\/2024\/05\/Anne-Marit.jpg 454w, https:\/\/sites.edgehill.ac.uk\/tvresearchgroup\/wp-content\/uploads\/sites\/313\/2024\/05\/Anne-Marit-300x300.jpg 300w, https:\/\/sites.edgehill.ac.uk\/tvresearchgroup\/wp-content\/uploads\/sites\/313\/2024\/05\/Anne-Marit-150x150.jpg 150w\" sizes=\"auto, (max-width: 454px) 100vw, 454px\" \/><\/figure><div class=\"wp-block-media-text__content\">\n<p>A crucial interdisciplinary research field is emerging focusing on the relationship between media and environment, in some contexts framed as \u2018environmental media studies\u2019 as part of environmental humanities, and in others \u2018Anthropocene television studies\u2019, \u2018cli-fi\u2019, or just \u2018green screens\u2019 and \u2018green shooting\u2019 (Doyle, Redclift &amp; Woodgate 2011; K\u00e4\u00e4p\u00e4 &amp; Vaughan 2022; Leyda 2021; Im\u00e9nez-Morales &amp; Lopera-M\u00e1rmol 2021 +2022; Saunders 2024; Soernesen &amp; Noonan 2022; Souch 2020). In this talk I will map the different approaches to study and understand the relationship between television and climate. I will include both how <em>television content<\/em> represents and contributes to the ongoing societal discussion about environmental issues (green screens), as well as how the screen industry considers climate issues in the <em>production practices<\/em> (green shooting). Based on my own research on Nordic television drama series and screened landscapes, I will give some examples of both <\/p>\n<\/div><\/div>\n\n\n\n<p>green screens and green shooting. Nordic noir and Arctic noir have in many cases dealt with climate issues as part of the narrative and the landscape aesthetics. In my talk I will draw on my work on the Danish series <em>Borgen \u2013 Power and Glory<\/em> (2022, DR\/Netflix) taking place in Greenland, and <em>Midnight Sun<\/em> (2016, Nice\/Canal+) set in Kiruna, as good examples of green screens and Anthropocene television drama (Gr\u00f8nlund &amp; Waade 2024; Souch, Saunders and Waade 2023; Waade 2020). However, green screens are not restricted to fiction, but encompass also other kinds of television content as news, documentaries, and factual entertainment.<\/p>\n\n\n\n<p>When it comes to green shooting, there are different kinds of considerations and research approaches, from critical political economy viewpoints, industry regulations, case-based production studies, technological and economic angles, to environmental production activism and community work. In this context I will give three examples, all of them focusing on technological potential and contradictions in screen productions; The first is the screen tourism app <em>Detect Aarhus<\/em> (2019-2021), the second is the blue sky crime series <em>White Sand<\/em> (TV2\/Viaplay, 2021) shot on the Westcoast of Denmark, and the last example is <em>Trom<\/em> (Viaplay, 2021) set on the Faeroe Island and with an extensive use of drone shots. In general, on location shooting and screen production are not particularly climate friendly, it requires electric power, tracks, transport of the crew, flying in creatives, managing catering and trash and sometimes access to vulnerable locations and communities. Based on my examples, I will discuss to what extend different kinds of screen technologies can contribute to greening television productions.&nbsp;<\/p>\n\n\n\n<p>In the end, I will reflect on how research can make a difference when it comes to green screen and green shooting; How we can deal with the climate unconscious and banal Anthropocene in television (Leida 2021), and in what ways we as television scholars can work in interdisciplinary, creative, and critical ways to engage in climate conditions (Bengesser &amp; Waade 2021; Weissmann 2024).<\/p>\n","protected":false},"excerpt":{"rendered":"<p>Home Programme Registration Contact 24 June-5 July 2024 (online) Television and Sustainability In 2015, the UN proposed 17 Sustainable Development Goals that are meant to guide humankind towards a more equitable future on a liveable planet. They address questions of health, society, culture and the distribution of resources while also being aware of the urgency [&hellip;]<\/p>\n","protected":false},"author":937,"featured_media":0,"parent":0,"menu_order":0,"comment_status":"closed","ping_status":"closed","template":"","meta":{"footnotes":""},"class_list":["post-1295","page","type-page","status-publish","hentry"],"acf":[],"yoast_head":"<!-- This site is optimized with the Yoast SEO plugin v23.5 - https:\/\/yoast.com\/wordpress\/plugins\/seo\/ -->\n<title>Critical Studies in Television Slow Conference 2024 - Television Studies Research Group<\/title>\n<meta name=\"robots\" content=\"index, follow, max-snippet:-1, max-image-preview:large, max-video-preview:-1\" \/>\n<link rel=\"canonical\" href=\"https:\/\/sites.edgehill.ac.uk\/tvresearchgroup\/critical-studies-in-television-slow-conference-2024\/\" \/>\n<meta property=\"og:locale\" content=\"en_GB\" \/>\n<meta property=\"og:type\" content=\"article\" \/>\n<meta property=\"og:title\" content=\"Critical Studies in Television Slow Conference 2024 - Television Studies Research Group\" \/>\n<meta property=\"og:description\" content=\"Home Programme Registration Contact 24 June-5 July 2024 (online) Television and Sustainability In 2015, the UN proposed 17 Sustainable Development Goals that are meant to guide humankind towards a more equitable future on a liveable planet. They address questions of health, society, culture and the distribution of resources while also being aware of the urgency [&hellip;]\" \/>\n<meta property=\"og:url\" content=\"https:\/\/sites.edgehill.ac.uk\/tvresearchgroup\/critical-studies-in-television-slow-conference-2024\/\" \/>\n<meta property=\"og:site_name\" content=\"Television Studies Research Group\" \/>\n<meta property=\"article:modified_time\" content=\"2024-05-09T10:21:31+00:00\" \/>\n<meta property=\"og:image\" content=\"https:\/\/sites.edgehill.ac.uk\/tvresearchgroup\/files\/2023\/12\/CST-Banner-2.jpg\" \/>\n<meta name=\"twitter:card\" content=\"summary_large_image\" \/>\n<meta name=\"twitter:label1\" content=\"Est. reading time\" \/>\n\t<meta name=\"twitter:data1\" content=\"4 minutes\" \/>\n<script type=\"application\/ld+json\" class=\"yoast-schema-graph\">{\"@context\":\"https:\/\/schema.org\",\"@graph\":[{\"@type\":\"WebPage\",\"@id\":\"https:\/\/sites.edgehill.ac.uk\/tvresearchgroup\/critical-studies-in-television-slow-conference-2024\/\",\"url\":\"https:\/\/sites.edgehill.ac.uk\/tvresearchgroup\/critical-studies-in-television-slow-conference-2024\/\",\"name\":\"Critical Studies in Television Slow Conference 2024 - Television Studies Research Group\",\"isPartOf\":{\"@id\":\"https:\/\/sites.edgehill.ac.uk\/tvresearchgroup\/#website\"},\"primaryImageOfPage\":{\"@id\":\"https:\/\/sites.edgehill.ac.uk\/tvresearchgroup\/critical-studies-in-television-slow-conference-2024\/#primaryimage\"},\"image\":{\"@id\":\"https:\/\/sites.edgehill.ac.uk\/tvresearchgroup\/critical-studies-in-television-slow-conference-2024\/#primaryimage\"},\"thumbnailUrl\":\"https:\/\/sites.edgehill.ac.uk\/tvresearchgroup\/wp-content\/uploads\/sites\/313\/2023\/12\/CST-Banner-2.jpg\",\"datePublished\":\"2023-12-06T06:46:51+00:00\",\"dateModified\":\"2024-05-09T10:21:31+00:00\",\"breadcrumb\":{\"@id\":\"https:\/\/sites.edgehill.ac.uk\/tvresearchgroup\/critical-studies-in-television-slow-conference-2024\/#breadcrumb\"},\"inLanguage\":\"en-GB\",\"potentialAction\":[{\"@type\":\"ReadAction\",\"target\":[\"https:\/\/sites.edgehill.ac.uk\/tvresearchgroup\/critical-studies-in-television-slow-conference-2024\/\"]}]},{\"@type\":\"ImageObject\",\"inLanguage\":\"en-GB\",\"@id\":\"https:\/\/sites.edgehill.ac.uk\/tvresearchgroup\/critical-studies-in-television-slow-conference-2024\/#primaryimage\",\"url\":\"https:\/\/sites.edgehill.ac.uk\/tvresearchgroup\/wp-content\/uploads\/sites\/313\/2023\/12\/CST-Banner-2.jpg\",\"contentUrl\":\"https:\/\/sites.edgehill.ac.uk\/tvresearchgroup\/wp-content\/uploads\/sites\/313\/2023\/12\/CST-Banner-2.jpg\",\"width\":177,\"height\":123},{\"@type\":\"BreadcrumbList\",\"@id\":\"https:\/\/sites.edgehill.ac.uk\/tvresearchgroup\/critical-studies-in-television-slow-conference-2024\/#breadcrumb\",\"itemListElement\":[{\"@type\":\"ListItem\",\"position\":1,\"name\":\"Home\",\"item\":\"https:\/\/sites.edgehill.ac.uk\/tvresearchgroup\/\"},{\"@type\":\"ListItem\",\"position\":2,\"name\":\"Critical Studies in Television Slow Conference 2024\"}]},{\"@type\":\"WebSite\",\"@id\":\"https:\/\/sites.edgehill.ac.uk\/tvresearchgroup\/#website\",\"url\":\"https:\/\/sites.edgehill.ac.uk\/tvresearchgroup\/\",\"name\":\"Television Studies Research Group\",\"description\":\"\",\"potentialAction\":[{\"@type\":\"SearchAction\",\"target\":{\"@type\":\"EntryPoint\",\"urlTemplate\":\"https:\/\/sites.edgehill.ac.uk\/tvresearchgroup\/?s={search_term_string}\"},\"query-input\":{\"@type\":\"PropertyValueSpecification\",\"valueRequired\":true,\"valueName\":\"search_term_string\"}}],\"inLanguage\":\"en-GB\"}]}<\/script>\n<!-- \/ Yoast SEO plugin. -->","yoast_head_json":{"title":"Critical Studies in Television Slow Conference 2024 - Television Studies Research Group","robots":{"index":"index","follow":"follow","max-snippet":"max-snippet:-1","max-image-preview":"max-image-preview:large","max-video-preview":"max-video-preview:-1"},"canonical":"https:\/\/sites.edgehill.ac.uk\/tvresearchgroup\/critical-studies-in-television-slow-conference-2024\/","og_locale":"en_GB","og_type":"article","og_title":"Critical Studies in Television Slow Conference 2024 - Television Studies Research Group","og_description":"Home Programme Registration Contact 24 June-5 July 2024 (online) Television and Sustainability In 2015, the UN proposed 17 Sustainable Development Goals that are meant to guide humankind towards a more equitable future on a liveable planet. They address questions of health, society, culture and the distribution of resources while also being aware of the urgency [&hellip;]","og_url":"https:\/\/sites.edgehill.ac.uk\/tvresearchgroup\/critical-studies-in-television-slow-conference-2024\/","og_site_name":"Television Studies Research Group","article_modified_time":"2024-05-09T10:21:31+00:00","og_image":[{"url":"https:\/\/sites.edgehill.ac.uk\/tvresearchgroup\/files\/2023\/12\/CST-Banner-2.jpg"}],"twitter_card":"summary_large_image","twitter_misc":{"Est. reading time":"4 minutes"},"schema":{"@context":"https:\/\/schema.org","@graph":[{"@type":"WebPage","@id":"https:\/\/sites.edgehill.ac.uk\/tvresearchgroup\/critical-studies-in-television-slow-conference-2024\/","url":"https:\/\/sites.edgehill.ac.uk\/tvresearchgroup\/critical-studies-in-television-slow-conference-2024\/","name":"Critical Studies in Television Slow Conference 2024 - Television Studies Research Group","isPartOf":{"@id":"https:\/\/sites.edgehill.ac.uk\/tvresearchgroup\/#website"},"primaryImageOfPage":{"@id":"https:\/\/sites.edgehill.ac.uk\/tvresearchgroup\/critical-studies-in-television-slow-conference-2024\/#primaryimage"},"image":{"@id":"https:\/\/sites.edgehill.ac.uk\/tvresearchgroup\/critical-studies-in-television-slow-conference-2024\/#primaryimage"},"thumbnailUrl":"https:\/\/sites.edgehill.ac.uk\/tvresearchgroup\/wp-content\/uploads\/sites\/313\/2023\/12\/CST-Banner-2.jpg","datePublished":"2023-12-06T06:46:51+00:00","dateModified":"2024-05-09T10:21:31+00:00","breadcrumb":{"@id":"https:\/\/sites.edgehill.ac.uk\/tvresearchgroup\/critical-studies-in-television-slow-conference-2024\/#breadcrumb"},"inLanguage":"en-GB","potentialAction":[{"@type":"ReadAction","target":["https:\/\/sites.edgehill.ac.uk\/tvresearchgroup\/critical-studies-in-television-slow-conference-2024\/"]}]},{"@type":"ImageObject","inLanguage":"en-GB","@id":"https:\/\/sites.edgehill.ac.uk\/tvresearchgroup\/critical-studies-in-television-slow-conference-2024\/#primaryimage","url":"https:\/\/sites.edgehill.ac.uk\/tvresearchgroup\/wp-content\/uploads\/sites\/313\/2023\/12\/CST-Banner-2.jpg","contentUrl":"https:\/\/sites.edgehill.ac.uk\/tvresearchgroup\/wp-content\/uploads\/sites\/313\/2023\/12\/CST-Banner-2.jpg","width":177,"height":123},{"@type":"BreadcrumbList","@id":"https:\/\/sites.edgehill.ac.uk\/tvresearchgroup\/critical-studies-in-television-slow-conference-2024\/#breadcrumb","itemListElement":[{"@type":"ListItem","position":1,"name":"Home","item":"https:\/\/sites.edgehill.ac.uk\/tvresearchgroup\/"},{"@type":"ListItem","position":2,"name":"Critical Studies in Television Slow Conference 2024"}]},{"@type":"WebSite","@id":"https:\/\/sites.edgehill.ac.uk\/tvresearchgroup\/#website","url":"https:\/\/sites.edgehill.ac.uk\/tvresearchgroup\/","name":"Television Studies Research Group","description":"","potentialAction":[{"@type":"SearchAction","target":{"@type":"EntryPoint","urlTemplate":"https:\/\/sites.edgehill.ac.uk\/tvresearchgroup\/?s={search_term_string}"},"query-input":{"@type":"PropertyValueSpecification","valueRequired":true,"valueName":"search_term_string"}}],"inLanguage":"en-GB"}]}},"_links":{"self":[{"href":"https:\/\/sites.edgehill.ac.uk\/tvresearchgroup\/wp-json\/wp\/v2\/pages\/1295","targetHints":{"allow":["GET"]}}],"collection":[{"href":"https:\/\/sites.edgehill.ac.uk\/tvresearchgroup\/wp-json\/wp\/v2\/pages"}],"about":[{"href":"https:\/\/sites.edgehill.ac.uk\/tvresearchgroup\/wp-json\/wp\/v2\/types\/page"}],"author":[{"embeddable":true,"href":"https:\/\/sites.edgehill.ac.uk\/tvresearchgroup\/wp-json\/wp\/v2\/users\/937"}],"replies":[{"embeddable":true,"href":"https:\/\/sites.edgehill.ac.uk\/tvresearchgroup\/wp-json\/wp\/v2\/comments?post=1295"}],"version-history":[{"count":0,"href":"https:\/\/sites.edgehill.ac.uk\/tvresearchgroup\/wp-json\/wp\/v2\/pages\/1295\/revisions"}],"wp:attachment":[{"href":"https:\/\/sites.edgehill.ac.uk\/tvresearchgroup\/wp-json\/wp\/v2\/media?parent=1295"}],"curies":[{"name":"wp","href":"https:\/\/api.w.org\/{rel}","templated":true}]}}